{"id":8629,"date":"2025-07-01T14:19:46","date_gmt":"2025-07-01T12:19:46","guid":{"rendered":"https:\/\/opeo.consulting\/?page_id=8629"},"modified":"2025-07-08T10:55:08","modified_gmt":"2025-07-08T08:55:08","slug":"news-insights","status":"publish","type":"page","link":"https:\/\/opeo.consulting\/en\/news-insights\/","title":{"rendered":"News &#038; Insights"},"content":{"rendered":"","protected":false},"excerpt":{"rendered":"","protected":false},"author":3,"featured_media":0,"parent":0,"menu_order":0,"comment_status":"closed","ping_status":"closed","template":"news.php","meta":{"_acf_changed":false,"content-type":"","footnotes":""},"class_list":["post-8629","page","type-page","status-publish","hentry"],"acf":{"title":"News & Insights","events_surtitle":"Events","introduction":"<p>At OPEO, we\u2019re driving the conversation around industrial transformation. Explore our latest insights: articles, white papers, client testimonials, interviews, podcasts, and more.<\/p>\n","button_label":"See more","button_link":"https:\/\/opeo.consulting\/actualites-publications\/?view=all","no_event":"Aucun \u00e9v\u00e9nement \u00e0 venir","filter":"Filtrer par :","bg_image":{"ID":5460,"id":5460,"title":"AdobeStock_253128667","filename":"AdobeStock_253128667.png","filesize":1181762,"url":"https:\/\/opeo.consulting\/wp-content\/uploads\/2020\/07\/AdobeStock_253128667.png","link":"https:\/\/opeo.consulting\/en\/page-d-exemple\/adobestock_253128667-2\/","alt":"Paysage vert avec une usine pr\u00e9sente au loin ","author":"1","description":"","caption":"","name":"adobestock_253128667-2","status":"inherit","uploaded_to":2505,"date":"2020-07-30 12:01:40","modified":"2024-01-16 10:52:01","menu_order":0,"mime_type":"image\/png","type":"image","subtype":"png","icon":"https:\/\/opeo.consulting\/wp-includes\/images\/media\/default.png","width":1230,"height":496,"sizes":{"thumbnail":"https:\/\/opeo.consulting\/wp-content\/uploads\/2020\/07\/AdobeStock_253128667-150x150.png","thumbnail-width":150,"thumbnail-height":150,"medium":"https:\/\/opeo.consulting\/wp-content\/uploads\/2020\/07\/AdobeStock_253128667-300x121.png","medium-width":300,"medium-height":121,"medium_large":"https:\/\/opeo.consulting\/wp-content\/uploads\/2020\/07\/AdobeStock_253128667-768x310.png","medium_large-width":768,"medium_large-height":310,"large":"https:\/\/opeo.consulting\/wp-content\/uploads\/2020\/07\/AdobeStock_253128667-1024x413.png","large-width":1024,"large-height":413,"1536x1536":"https:\/\/opeo.consulting\/wp-content\/uploads\/2020\/07\/AdobeStock_253128667.png","1536x1536-width":1230,"1536x1536-height":496,"2048x2048":"https:\/\/opeo.consulting\/wp-content\/uploads\/2020\/07\/AdobeStock_253128667.png","2048x2048-width":1230,"2048x2048-height":496,"background-desktop":"https:\/\/opeo.consulting\/wp-content\/uploads\/2020\/07\/AdobeStock_253128667.png","background-desktop-width":1230,"background-desktop-height":496,"background-mobile":"https:\/\/opeo.consulting\/wp-content\/uploads\/2020\/07\/AdobeStock_253128667-750x496.png","background-mobile-width":750,"background-mobile-height":496,"news":"https:\/\/opeo.consulting\/wp-content\/uploads\/2020\/07\/AdobeStock_253128667.png","news-width":754,"news-height":304,"medium-thumbnail":"https:\/\/opeo.consulting\/wp-content\/uploads\/2020\/07\/AdobeStock_253128667-600x496.png","medium-thumbnail-width":600,"medium-thumbnail-height":496,"big-thumbnail":"https:\/\/opeo.consulting\/wp-content\/uploads\/2020\/07\/AdobeStock_253128667-800x496.png","big-thumbnail-width":800,"big-thumbnail-height":496,"card":"https:\/\/opeo.consulting\/wp-content\/uploads\/2020\/07\/AdobeStock_253128667-600x360.png","card-width":600,"card-height":360}},"bg_image_responsive":{"ID":5460,"id":5460,"title":"AdobeStock_253128667","filename":"AdobeStock_253128667.png","filesize":1181762,"url":"https:\/\/opeo.consulting\/wp-content\/uploads\/2020\/07\/AdobeStock_253128667.png","link":"https:\/\/opeo.consulting\/en\/page-d-exemple\/adobestock_253128667-2\/","alt":"Paysage vert avec une usine pr\u00e9sente au loin ","author":"1","description":"","caption":"","name":"adobestock_253128667-2","status":"inherit","uploaded_to":2505,"date":"2020-07-30 12:01:40","modified":"2024-01-16 10:52:01","menu_order":0,"mime_type":"image\/png","type":"image","subtype":"png","icon":"https:\/\/opeo.consulting\/wp-includes\/images\/media\/default.png","width":1230,"height":496,"sizes":{"thumbnail":"https:\/\/opeo.consulting\/wp-content\/uploads\/2020\/07\/AdobeStock_253128667-150x150.png","thumbnail-width":150,"thumbnail-height":150,"medium":"https:\/\/opeo.consulting\/wp-content\/uploads\/2020\/07\/AdobeStock_253128667-300x121.png","medium-width":300,"medium-height":121,"medium_large":"https:\/\/opeo.consulting\/wp-content\/uploads\/2020\/07\/AdobeStock_253128667-768x310.png","medium_large-width":768,"medium_large-height":310,"large":"https:\/\/opeo.consulting\/wp-content\/uploads\/2020\/07\/AdobeStock_253128667-1024x413.png","large-width":1024,"large-height":413,"1536x1536":"https:\/\/opeo.consulting\/wp-content\/uploads\/2020\/07\/AdobeStock_253128667.png","1536x1536-width":1230,"1536x1536-height":496,"2048x2048":"https:\/\/opeo.consulting\/wp-content\/uploads\/2020\/07\/AdobeStock_253128667.png","2048x2048-width":1230,"2048x2048-height":496,"background-desktop":"https:\/\/opeo.consulting\/wp-content\/uploads\/2020\/07\/AdobeStock_253128667.png","background-desktop-width":1230,"background-desktop-height":496,"background-mobile":"https:\/\/opeo.consulting\/wp-content\/uploads\/2020\/07\/AdobeStock_253128667-750x496.png","background-mobile-width":750,"background-mobile-height":496,"news":"https:\/\/opeo.consulting\/wp-content\/uploads\/2020\/07\/AdobeStock_253128667.png","news-width":754,"news-height":304,"medium-thumbnail":"https:\/\/opeo.consulting\/wp-content\/uploads\/2020\/07\/AdobeStock_253128667-600x496.png","medium-thumbnail-width":600,"medium-thumbnail-height":496,"big-thumbnail":"https:\/\/opeo.consulting\/wp-content\/uploads\/2020\/07\/AdobeStock_253128667-800x496.png","big-thumbnail-width":800,"big-thumbnail-height":496,"card":"https:\/\/opeo.consulting\/wp-content\/uploads\/2020\/07\/AdobeStock_253128667-600x360.png","card-width":600,"card-height":360}},"thumbnail":{"ID":6923,"id":6923,"title":"Actualite\u0301s","filename":"Actualites.jpg","filesize":66157,"url":"https:\/\/opeo.consulting\/wp-content\/uploads\/2025\/01\/Actualites.jpg","link":"https:\/\/opeo.consulting\/en\/actualites\/actualites-2\/","alt":"OPEO : Actualit\u00e9s","author":"3","description":"","caption":"OPEO : Actualit\u00e9s","name":"actualites-2","status":"inherit","uploaded_to":2509,"date":"2025-01-16 12:48:01","modified":"2025-01-16 12:48:38","menu_order":0,"mime_type":"image\/jpeg","type":"image","subtype":"jpeg","icon":"https:\/\/opeo.consulting\/wp-includes\/images\/media\/default.png","width":400,"height":400,"sizes":{"thumbnail":"https:\/\/opeo.consulting\/wp-content\/uploads\/2025\/01\/Actualites-150x150.jpg","thumbnail-width":150,"thumbnail-height":150,"medium":"https:\/\/opeo.consulting\/wp-content\/uploads\/2025\/01\/Actualites-300x300.jpg","medium-width":300,"medium-height":300,"medium_large":"https:\/\/opeo.consulting\/wp-content\/uploads\/2025\/01\/Actualites.jpg","medium_large-width":400,"medium_large-height":400,"large":"https:\/\/opeo.consulting\/wp-content\/uploads\/2025\/01\/Actualites.jpg","large-width":400,"large-height":400,"1536x1536":"https:\/\/opeo.consulting\/wp-content\/uploads\/2025\/01\/Actualites.jpg","1536x1536-width":400,"1536x1536-height":400,"2048x2048":"https:\/\/opeo.consulting\/wp-content\/uploads\/2025\/01\/Actualites.jpg","2048x2048-width":400,"2048x2048-height":400,"background-desktop":"https:\/\/opeo.consulting\/wp-content\/uploads\/2025\/01\/Actualites.jpg","background-desktop-width":400,"background-desktop-height":400,"background-mobile":"https:\/\/opeo.consulting\/wp-content\/uploads\/2025\/01\/Actualites.jpg","background-mobile-width":400,"background-mobile-height":400,"news":"https:\/\/opeo.consulting\/wp-content\/uploads\/2025\/01\/Actualites.jpg","news-width":304,"news-height":304,"medium-thumbnail":"https:\/\/opeo.consulting\/wp-content\/uploads\/2025\/01\/Actualites.jpg","medium-thumbnail-width":400,"medium-thumbnail-height":400,"big-thumbnail":"https:\/\/opeo.consulting\/wp-content\/uploads\/2025\/01\/Actualites.jpg","big-thumbnail-width":400,"big-thumbnail-height":400,"card":"https:\/\/opeo.consulting\/wp-content\/uploads\/2025\/01\/Actualites-400x360.jpg","card-width":400,"card-height":360}},"event_image":{"ID":6894,"id":6894,"title":"no_event","filename":"no_event.jpg","filesize":82989,"url":"https:\/\/opeo.consulting\/wp-content\/uploads\/2025\/01\/no_event.jpg","link":"https:\/\/opeo.consulting\/en\/8570-2\/no_event-2\/","alt":"OPEO - \u00c9v\u00e9nement","author":"3","description":"","caption":"OPEO - \u00c9v\u00e9nement","name":"no_event-2","status":"inherit","uploaded_to":8570,"date":"2025-01-15 15:27:51","modified":"2025-06-30 13:16:20","menu_order":0,"mime_type":"image\/jpeg","type":"image","subtype":"jpeg","icon":"https:\/\/opeo.consulting\/wp-includes\/images\/media\/default.png","width":650,"height":266,"sizes":{"thumbnail":"https:\/\/opeo.consulting\/wp-content\/uploads\/2025\/01\/no_event-150x150.jpg","thumbnail-width":150,"thumbnail-height":150,"medium":"https:\/\/opeo.consulting\/wp-content\/uploads\/2025\/01\/no_event-300x123.jpg","medium-width":300,"medium-height":123,"medium_large":"https:\/\/opeo.consulting\/wp-content\/uploads\/2025\/01\/no_event.jpg","medium_large-width":650,"medium_large-height":266,"large":"https:\/\/opeo.consulting\/wp-content\/uploads\/2025\/01\/no_event.jpg","large-width":650,"large-height":266,"1536x1536":"https:\/\/opeo.consulting\/wp-content\/uploads\/2025\/01\/no_event.jpg","1536x1536-width":650,"1536x1536-height":266,"2048x2048":"https:\/\/opeo.consulting\/wp-content\/uploads\/2025\/01\/no_event.jpg","2048x2048-width":650,"2048x2048-height":266,"background-desktop":"https:\/\/opeo.consulting\/wp-content\/uploads\/2025\/01\/no_event.jpg","background-desktop-width":650,"background-desktop-height":266,"background-mobile":"https:\/\/opeo.consulting\/wp-content\/uploads\/2025\/01\/no_event.jpg","background-mobile-width":650,"background-mobile-height":266,"news":"https:\/\/opeo.consulting\/wp-content\/uploads\/2025\/01\/no_event.jpg","news-width":650,"news-height":266,"medium-thumbnail":"https:\/\/opeo.consulting\/wp-content\/uploads\/2025\/01\/no_event-600x266.jpg","medium-thumbnail-width":600,"medium-thumbnail-height":266,"big-thumbnail":"https:\/\/opeo.consulting\/wp-content\/uploads\/2025\/01\/no_event.jpg","big-thumbnail-width":650,"big-thumbnail-height":266,"card":"https:\/\/opeo.consulting\/wp-content\/uploads\/2025\/01\/no_event-600x266.jpg","card-width":600,"card-height":266}}},"yoast_head":"<!-- This site is optimized with the Yoast SEO plugin v27.3 - https:\/\/yoast.com\/product\/yoast-seo-wordpress\/ -->\n<title>News &amp; Insights - OPEO<\/title>\n<meta name=\"robots\" content=\"index, follow, max-snippet:-1, max-image-preview:large, max-video-preview:-1\" \/>\n<link rel=\"canonical\" href=\"https:\/\/opeo.consulting\/en\/news-insights\/\" \/>\n<meta property=\"og:locale\" content=\"en_US\" \/>\n<meta property=\"og:type\" content=\"article\" \/>\n<meta property=\"og:title\" content=\"News &amp; Insights - OPEO\" \/>\n<meta property=\"og:url\" content=\"https:\/\/opeo.consulting\/en\/news-insights\/\" \/>\n<meta property=\"og:site_name\" content=\"OPEO\" \/>\n<meta property=\"article:modified_time\" content=\"2025-07-08T08:55:08+00:00\" \/>\n<meta name=\"twitter:card\" content=\"summary_large_image\" \/>\n<script type=\"application\/ld+json\" class=\"yoast-schema-graph\">{\"@context\":\"https:\\\/\\\/schema.org\",\"@graph\":[{\"@type\":\"WebPage\",\"@id\":\"https:\\\/\\\/opeo.consulting\\\/en\\\/news-insights\\\/\",\"url\":\"https:\\\/\\\/opeo.consulting\\\/en\\\/news-insights\\\/\",\"name\":\"News & Insights - OPEO\",\"isPartOf\":{\"@id\":\"https:\\\/\\\/opeo.consulting\\\/en\\\/#website\"},\"datePublished\":\"2025-07-01T12:19:46+00:00\",\"dateModified\":\"2025-07-08T08:55:08+00:00\",\"breadcrumb\":{\"@id\":\"https:\\\/\\\/opeo.consulting\\\/en\\\/news-insights\\\/#breadcrumb\"},\"inLanguage\":\"en-US\",\"potentialAction\":[{\"@type\":\"ReadAction\",\"target\":[\"https:\\\/\\\/opeo.consulting\\\/en\\\/news-insights\\\/\"]}]},{\"@type\":\"BreadcrumbList\",\"@id\":\"https:\\\/\\\/opeo.consulting\\\/en\\\/news-insights\\\/#breadcrumb\",\"itemListElement\":[{\"@type\":\"ListItem\",\"position\":1,\"name\":\"Accueil\",\"item\":\"https:\\\/\\\/opeo.consulting\\\/en\\\/\"},{\"@type\":\"ListItem\",\"position\":2,\"name\":\"News &#038; Insights\"}]},{\"@type\":\"WebSite\",\"@id\":\"https:\\\/\\\/opeo.consulting\\\/en\\\/#website\",\"url\":\"https:\\\/\\\/opeo.consulting\\\/en\\\/\",\"name\":\"OPEO\",\"description\":\"Vos op\u00e9rations sont strat\u00e9giques\",\"publisher\":{\"@id\":\"https:\\\/\\\/opeo.consulting\\\/en\\\/#organization\"},\"potentialAction\":[{\"@type\":\"SearchAction\",\"target\":{\"@type\":\"EntryPoint\",\"urlTemplate\":\"https:\\\/\\\/opeo.consulting\\\/en\\\/?s={search_term_string}\"},\"query-input\":{\"@type\":\"PropertyValueSpecification\",\"valueRequired\":true,\"valueName\":\"search_term_string\"}}],\"inLanguage\":\"en-US\"},{\"@type\":\"Organization\",\"@id\":\"https:\\\/\\\/opeo.consulting\\\/en\\\/#organization\",\"name\":\"OPEO Conseil\",\"alternateName\":\"OPEO\",\"url\":\"https:\\\/\\\/opeo.consulting\\\/en\\\/\",\"logo\":{\"@type\":\"ImageObject\",\"inLanguage\":\"en-US\",\"@id\":\"https:\\\/\\\/opeo.consulting\\\/en\\\/#\\\/schema\\\/logo\\\/image\\\/\",\"url\":\"https:\\\/\\\/opeo.consulting\\\/wp-content\\\/uploads\\\/2020\\\/10\\\/cropped-Plan-de-travail-1.png\",\"contentUrl\":\"https:\\\/\\\/opeo.consulting\\\/wp-content\\\/uploads\\\/2020\\\/10\\\/cropped-Plan-de-travail-1.png\",\"width\":512,\"height\":512,\"caption\":\"OPEO Conseil\"},\"image\":{\"@id\":\"https:\\\/\\\/opeo.consulting\\\/en\\\/#\\\/schema\\\/logo\\\/image\\\/\"},\"sameAs\":[\"https:\\\/\\\/www.youtube.com\\\/@opeo.consulting\"]}]}<\/script>\n<!-- \/ Yoast SEO plugin. -->","yoast_head_json":{"title":"News & Insights - OPEO","robots":{"index":"index","follow":"follow","max-snippet":"max-snippet:-1","max-image-preview":"max-image-preview:large","max-video-preview":"max-video-preview:-1"},"canonical":"https:\/\/opeo.consulting\/en\/news-insights\/","og_locale":"en_US","og_type":"article","og_title":"News & Insights - OPEO","og_url":"https:\/\/opeo.consulting\/en\/news-insights\/","og_site_name":"OPEO","article_modified_time":"2025-07-08T08:55:08+00:00","twitter_card":"summary_large_image","schema":{"@context":"https:\/\/schema.org","@graph":[{"@type":"WebPage","@id":"https:\/\/opeo.consulting\/en\/news-insights\/","url":"https:\/\/opeo.consulting\/en\/news-insights\/","name":"News & Insights - OPEO","isPartOf":{"@id":"https:\/\/opeo.consulting\/en\/#website"},"datePublished":"2025-07-01T12:19:46+00:00","dateModified":"2025-07-08T08:55:08+00:00","breadcrumb":{"@id":"https:\/\/opeo.consulting\/en\/news-insights\/#breadcrumb"},"inLanguage":"en-US","potentialAction":[{"@type":"ReadAction","target":["https:\/\/opeo.consulting\/en\/news-insights\/"]}]},{"@type":"BreadcrumbList","@id":"https:\/\/opeo.consulting\/en\/news-insights\/#breadcrumb","itemListElement":[{"@type":"ListItem","position":1,"name":"Accueil","item":"https:\/\/opeo.consulting\/en\/"},{"@type":"ListItem","position":2,"name":"News &#038; Insights"}]},{"@type":"WebSite","@id":"https:\/\/opeo.consulting\/en\/#website","url":"https:\/\/opeo.consulting\/en\/","name":"OPEO","description":"Vos op\u00e9rations sont strat\u00e9giques","publisher":{"@id":"https:\/\/opeo.consulting\/en\/#organization"},"potentialAction":[{"@type":"SearchAction","target":{"@type":"EntryPoint","urlTemplate":"https:\/\/opeo.consulting\/en\/?s={search_term_string}"},"query-input":{"@type":"PropertyValueSpecification","valueRequired":true,"valueName":"search_term_string"}}],"inLanguage":"en-US"},{"@type":"Organization","@id":"https:\/\/opeo.consulting\/en\/#organization","name":"OPEO Conseil","alternateName":"OPEO","url":"https:\/\/opeo.consulting\/en\/","logo":{"@type":"ImageObject","inLanguage":"en-US","@id":"https:\/\/opeo.consulting\/en\/#\/schema\/logo\/image\/","url":"https:\/\/opeo.consulting\/wp-content\/uploads\/2020\/10\/cropped-Plan-de-travail-1.png","contentUrl":"https:\/\/opeo.consulting\/wp-content\/uploads\/2020\/10\/cropped-Plan-de-travail-1.png","width":512,"height":512,"caption":"OPEO Conseil"},"image":{"@id":"https:\/\/opeo.consulting\/en\/#\/schema\/logo\/image\/"},"sameAs":["https:\/\/www.youtube.com\/@opeo.consulting"]}]}},"jetpack_sharing_enabled":true,"_links":{"self":[{"href":"https:\/\/opeo.consulting\/en\/wp-json\/wp\/v2\/pages\/8629","targetHints":{"allow":["GET"]}}],"collection":[{"href":"https:\/\/opeo.consulting\/en\/wp-json\/wp\/v2\/pages"}],"about":[{"href":"https:\/\/opeo.consulting\/en\/wp-json\/wp\/v2\/types\/page"}],"author":[{"embeddable":true,"href":"https:\/\/opeo.consulting\/en\/wp-json\/wp\/v2\/users\/3"}],"replies":[{"embeddable":true,"href":"https:\/\/opeo.consulting\/en\/wp-json\/wp\/v2\/comments?post=8629"}],"version-history":[{"count":0,"href":"https:\/\/opeo.consulting\/en\/wp-json\/wp\/v2\/pages\/8629\/revisions"}],"wp:attachment":[{"href":"https:\/\/opeo.consulting\/en\/wp-json\/wp\/v2\/media?parent=8629"}],"curies":[{"name":"wp","href":"https:\/\/api.w.org\/{rel}","templated":true}]}}