{"id":3600,"date":"2022-09-07T19:05:24","date_gmt":"2022-09-07T17:05:24","guid":{"rendered":"https:\/\/opeo-conseil.fr\/lequipeopeo\/devenez-opeo\/alternant-charge-e-de-missions-finance-conformite-et-admin-paris\/"},"modified":"2022-09-07T19:27:33","modified_gmt":"2022-09-07T17:27:33","slug":"alternant-charge-e-de-missions-finance-conformite-et-admin-paris","status":"publish","type":"page","link":"https:\/\/opeo.consulting\/en\/career\/alternant-charge-e-de-missions-finance-conformite-et-admin-paris\/","title":{"rendered":"ALTERNANT \u2013 CHARG\u00c9.E DE MISSIONS FINANCE CONFORMIT\u00c9 ET ADMIN \u2013 PARIS"},"content":{"rendered":"","protected":false},"excerpt":{"rendered":"","protected":false},"author":3,"featured_media":0,"parent":8627,"menu_order":0,"comment_status":"closed","ping_status":"closed","template":"","meta":{"_acf_changed":false,"content-type":"","footnotes":""},"class_list":["post-3600","page","type-page","status-publish","hentry"],"acf":{"sections":[{"acf_fc_layout":"heading","title":"<p>Alternant \u2013 Charg\u00e9.e de missions Finance Conformit\u00e9 et Admin \u2013 Paris<\/p>\n","subtitle":"","introduction":"","logo_1":false,"logo_2":false,"bg_image":{"ID":1705,"id":1705,"title":"Rebond-2000x1100","filename":"Rebond-2000x1100-1.png","filesize":1157860,"url":"https:\/\/opeo.consulting\/wp-content\/uploads\/2020\/09\/Rebond-2000x1100-1.png","link":"https:\/\/opeo.consulting\/en\/notre-offre\/pilotez-votre-rebond-industriel\/rebond-2000x1100\/","alt":"","author":"3","description":"","caption":"","name":"rebond-2000x1100","status":"inherit","uploaded_to":1485,"date":"2020-09-17 07:04:57","modified":"2020-09-17 07:04:57","menu_order":0,"mime_type":"image\/png","type":"image","subtype":"png","icon":"https:\/\/opeo.consulting\/wp-includes\/images\/media\/default.png","width":2000,"height":1100,"sizes":{"thumbnail":"https:\/\/opeo.consulting\/wp-content\/uploads\/2020\/09\/Rebond-2000x1100-1-150x150.png","thumbnail-width":150,"thumbnail-height":150,"medium":"https:\/\/opeo.consulting\/wp-content\/uploads\/2020\/09\/Rebond-2000x1100-1-300x165.png","medium-width":300,"medium-height":165,"medium_large":"https:\/\/opeo.consulting\/wp-content\/uploads\/2020\/09\/Rebond-2000x1100-1-768x422.png","medium_large-width":768,"medium_large-height":422,"large":"https:\/\/opeo.consulting\/wp-content\/uploads\/2020\/09\/Rebond-2000x1100-1-1024x563.png","large-width":1024,"large-height":563,"1536x1536":"https:\/\/opeo.consulting\/wp-content\/uploads\/2020\/09\/Rebond-2000x1100-1-1536x845.png","1536x1536-width":1536,"1536x1536-height":845,"2048x2048":"https:\/\/opeo.consulting\/wp-content\/uploads\/2020\/09\/Rebond-2000x1100-1.png","2048x2048-width":2000,"2048x2048-height":1100,"background-desktop":"https:\/\/opeo.consulting\/wp-content\/uploads\/2020\/09\/Rebond-2000x1100-1-2000x1100.png","background-desktop-width":2000,"background-desktop-height":1100,"background-mobile":"https:\/\/opeo.consulting\/wp-content\/uploads\/2020\/09\/Rebond-2000x1100-1-750x1100.png","background-mobile-width":750,"background-mobile-height":1100,"news":"https:\/\/opeo.consulting\/wp-content\/uploads\/2020\/09\/Rebond-2000x1100-1.png","news-width":553,"news-height":304,"medium-thumbnail":"https:\/\/opeo.consulting\/wp-content\/uploads\/2020\/09\/Rebond-2000x1100-1-600x600.png","medium-thumbnail-width":600,"medium-thumbnail-height":600,"big-thumbnail":"https:\/\/opeo.consulting\/wp-content\/uploads\/2020\/09\/Rebond-2000x1100-1-800x800.png","big-thumbnail-width":800,"big-thumbnail-height":800,"card":"https:\/\/opeo.consulting\/wp-content\/uploads\/2020\/09\/Rebond-2000x1100-1-600x360.png","card-width":600,"card-height":360}},"bg_image_responsive":false,"thumbnail":{"ID":1706,"id":1706,"title":"Rebond-800x800","filename":"Rebond-800x800-1.png","filesize":436370,"url":"https:\/\/opeo.consulting\/wp-content\/uploads\/2020\/09\/Rebond-800x800-1.png","link":"https:\/\/opeo.consulting\/en\/notre-offre\/pilotez-votre-rebond-industriel\/rebond-800x800\/","alt":"","author":"3","description":"","caption":"","name":"rebond-800x800","status":"inherit","uploaded_to":1485,"date":"2020-09-17 07:05:53","modified":"2020-09-17 07:05:53","menu_order":0,"mime_type":"image\/png","type":"image","subtype":"png","icon":"https:\/\/opeo.consulting\/wp-includes\/images\/media\/default.png","width":800,"height":800,"sizes":{"thumbnail":"https:\/\/opeo.consulting\/wp-content\/uploads\/2020\/09\/Rebond-800x800-1-150x150.png","thumbnail-width":150,"thumbnail-height":150,"medium":"https:\/\/opeo.consulting\/wp-content\/uploads\/2020\/09\/Rebond-800x800-1-300x300.png","medium-width":300,"medium-height":300,"medium_large":"https:\/\/opeo.consulting\/wp-content\/uploads\/2020\/09\/Rebond-800x800-1-768x768.png","medium_large-width":768,"medium_large-height":768,"large":"https:\/\/opeo.consulting\/wp-content\/uploads\/2020\/09\/Rebond-800x800-1.png","large-width":800,"large-height":800,"1536x1536":"https:\/\/opeo.consulting\/wp-content\/uploads\/2020\/09\/Rebond-800x800-1.png","1536x1536-width":800,"1536x1536-height":800,"2048x2048":"https:\/\/opeo.consulting\/wp-content\/uploads\/2020\/09\/Rebond-800x800-1.png","2048x2048-width":800,"2048x2048-height":800,"background-desktop":"https:\/\/opeo.consulting\/wp-content\/uploads\/2020\/09\/Rebond-800x800-1.png","background-desktop-width":800,"background-desktop-height":800,"background-mobile":"https:\/\/opeo.consulting\/wp-content\/uploads\/2020\/09\/Rebond-800x800-1-750x800.png","background-mobile-width":750,"background-mobile-height":800,"news":"https:\/\/opeo.consulting\/wp-content\/uploads\/2020\/09\/Rebond-800x800-1.png","news-width":304,"news-height":304,"medium-thumbnail":"https:\/\/opeo.consulting\/wp-content\/uploads\/2020\/09\/Rebond-800x800-1-600x600.png","medium-thumbnail-width":600,"medium-thumbnail-height":600,"big-thumbnail":"https:\/\/opeo.consulting\/wp-content\/uploads\/2020\/09\/Rebond-800x800-1-800x800.png","big-thumbnail-width":800,"big-thumbnail-height":800,"card":"https:\/\/opeo.consulting\/wp-content\/uploads\/2020\/09\/Rebond-800x800-1-600x360.png","card-width":600,"card-height":360}},"scroll_to":false,"button":false,"button_label":"","link":"","decor":"no"},{"acf_fc_layout":"text","title":"","introduction":"<p><img decoding=\"async\" class=\"aligncenter wp-image-2409\" src=\"http:\/\/opeo.consulting\/wp-content\/uploads\/2020\/10\/GPTW-1024x724.png\" alt=\"\" width=\"636\" height=\"450\" srcset=\"https:\/\/opeo.consulting\/wp-content\/uploads\/2020\/10\/GPTW-1024x724.png 1024w, https:\/\/opeo.consulting\/wp-content\/uploads\/2020\/10\/GPTW-300x212.png 300w, https:\/\/opeo.consulting\/wp-content\/uploads\/2020\/10\/GPTW-768x543.png 768w, https:\/\/opeo.consulting\/wp-content\/uploads\/2020\/10\/GPTW-1536x1086.png 1536w, https:\/\/opeo.consulting\/wp-content\/uploads\/2020\/10\/GPTW.png 1913w\" sizes=\"(max-width: 636px) 100vw, 636px\" \/><\/p>\n<p>&nbsp;<\/p>\n<p>V\u00e9ritable bras droit de\u00a0la Responsable Administrative et Financi\u00e8re, il\/elle jouera un r\u00f4le sur les trois axes suivants :<\/p>\n<p><strong>Finance<\/strong><\/p>\n<ul>\n<li>Aider aux travaux de cl\u00f4ture financi\u00e8re mensuelle et annuelle,<\/li>\n<li>Participer \u00e0 l&#8217;\u00e9laboration du budget et \u00e0 son suivi,<\/li>\n<li>Aider \u00e0 la structuration d\u2019un nouvel outil de gestion,<\/li>\n<li>Piloter la mise en place du projet du nouvel ERP,<\/li>\n<li>Participer \u00e0 l\u2019\u00e9laboration d\u2019analyses financi\u00e8re ad-hoc sur demande du CODIR, etc.<\/li>\n<\/ul>\n<p><strong>Conformit\u00e9<\/strong><\/p>\n<ul>\n<li>Participer et renforcer \u00e0 l\u2019ensemble des politiques de contr\u00f4le interne,<\/li>\n<li>Mettre en \u0153uvre les actions de cybers\u00e9curit\u00e9,<\/li>\n<li>Poursuivre le projet de mise en conformit\u00e9 au RGPD.<\/li>\n<\/ul>\n<p><strong>Admin<\/strong><\/p>\n<ul>\n<li>Participer \u00e0 divers projets strat\u00e9giques\u00a0: immobilier, appels d\u2019offre et changements prestataires,<\/li>\n<li>Aider aux routines de gestion d&#8217;inventaires.<\/li>\n<\/ul>\n<h4 class=\"sub_title\">Profil recherch\u00e9<\/h4>\n<ul>\n<li>Ecole de Commerce ou Universit\u00e9, niveau master.<\/li>\n<li>Contrat d&#8217;alternance \u00e0 partir de janvier 2023.<\/li>\n<li>Tr\u00e8s bonne ma\u00eetrise d\u2019Office, en particulier Excel, PowerPoint et PowerBi. A l\u2019aise avec \/ curieux-se des outils digitaux en g\u00e9n\u00e9ral (outils de gestion SaaS, ERP).<\/li>\n<li>Curiosit\u00e9, rigueur, dynamisme et esprit analytique, confidentialit\u00e9.<\/li>\n<\/ul>\n<h4 class=\"sub_title\">Avec OPEO, r\u00e9inventez l\u2019industrie\u00a0!<\/h4>\n<p>Nous cherchons un collaborateur\/une collaboratrice extr\u00eamement rigoureux\/se, optimiste et\u00a0humble, avec un fort esprit d\u2019\u00e9quipe.<\/p>\n<p>Le r\u00f4le sera riche et polyvalent au regard de la taille croissante et du dynamisme d\u2019OPEO, une personnalit\u00e9 curieuse et entrepreneuriale est donc indispensable.<\/p>\n<p>Atouts clefs recherch\u00e9s\u00a0: sens des priorit\u00e9s, \u00e9coute, discr\u00e9tion, m\u00e9thode, efficacit\u00e9 et sens de l\u2019entraide.<\/p>\n<h4 class=\"sub_title\">Offre<\/h4>\n<ul>\n<li>Contrat d&#8217;alternance \u2013 c\u00e9sure ou fin d\u2019\u00e9tudes, d\u00e9marrage janvier 2023<\/li>\n<\/ul>\n<p>Le\/La candidat(e) est invit\u00e9(e) \u00e0 postuler via notre site (CV ET lettre\/mail de motivation) <a href=\"https:\/\/opeo.consulting\/?page_id=843\">https:\/\/opeo.consulting\/lequipeopeo-2\/rejoignez-opeo\/<\/a><\/p>\n<p><a href=\"https:\/\/www.linkedin.com\/feed\/hashtag\/?highlightedUpdateUrns=urn%3Ali%3Aactivity%3A6575299083760619520&amp;keywords=%23recrutement&amp;originTrackingId=i3jPrtPK2K3mBcnFFW14qA%3D%3D\">#recrutement<\/a> <a href=\"https:\/\/www.linkedin.com\/feed\/hashtag\/?highlightedUpdateUrns=urn%3Ali%3Aactivity%3A6575299083760619520&amp;keywords=%23jobs&amp;originTrackingId=i3jPrtPK2K3mBcnFFW14qA%3D%3D\">#jobs<\/a> <a href=\"https:\/\/www.linkedin.com\/feed\/hashtag\/?highlightedUpdateUrns=urn%3Ali%3Aactivity%3A6575299083760619520&amp;keywords=%23hiring&amp;originTrackingId=i3jPrtPK2K3mBcnFFW14qA%3D%3D\">#hiring<\/a> <a href=\"https:\/\/www.linkedin.com\/feed\/hashtag\/?highlightedUpdateUrns=urn%3Ali%3Aactivity%3A6575299083760619520&amp;keywords=%23consulting&amp;originTrackingId=i3jPrtPK2K3mBcnFFW14qA%3D%3D\">#consulting<\/a> <a href=\"https:\/\/www.linkedin.com\/feed\/hashtag\/?highlightedUpdateUrns=urn%3Ali%3Aactivity%3A6575299083760619520&amp;keywords=%23industrie&amp;originTrackingId=i3jPrtPK2K3mBcnFFW14qA%3D%3D\">#industrie<\/a> <a href=\"https:\/\/www.linkedin.com\/feed\/hashtag\/?highlightedUpdateUrns=urn%3Ali%3Aactivity%3A6575299083760619520&amp;keywords=%23hr&amp;originTrackingId=i3jPrtPK2K3mBcnFFW14qA%3D%3D\">#HR<\/a><\/p>\n<p><strong>A PROPOS D\u2019OPEO<\/strong><\/p>\n<p>OPEO (Op\u00e9rations &amp; Organisations) est un cabinet de conseil en excellence industrielle fond\u00e9 en 2012.<br \/>\nNous sommes fra\u00eechement labellis\u00e9s GREAT PLACE TO WORK\u00ae\u00a0!<\/p>\n<p>Nous sommes aujourd\u2019hui une \u00e9quipe de 30 personnes actives sur toute la France et l\u2019Europe (si\u00e8ge \u00e0 Paris). Nous travaillons \u00e9galement avec un large r\u00e9seau de partenaires, sp\u00e9cialis\u00e9s dans la transformation industrielle.<\/p>\n<p>OPEO a par ailleurs cr\u00e9\u00e9 il y a 3 ans un start-up Studio, d\u00e9di\u00e9 \u00e0 la cr\u00e9ation de start-ups au service de l\u2019industrie, pour mettre pleinement en action la transition vers l\u2019industrie de demain.<\/p>\n<p>Nos valeurs reposent sur une passion pour l\u2019Industrie et nous poussons l\u2019id\u00e9e que le redressement de l\u2019industrie en France passe par l\u2019excellence op\u00e9rationnelle, l\u2019agilit\u00e9 et la conduite de changements profonds, adapt\u00e9s au contexte de chacun de nos clients (tous secteurs), qu\u2019il s\u2019agisse de grands groupes comme de PME et ETI.<\/p>\n<p>OPEO est \u00e9galement un acteur pleinement investi dans l\u2019Industrie du futur et la r\u00e9volution \u00e9conomique, technologique et organisationnelle en cours. Nous avons d\u00e9velopp\u00e9 une approche globale et int\u00e9gr\u00e9e pour aider les industriels \u00e0 mieux r\u00e9pondre aux enjeux de l\u2019industrie 4.0 : strat\u00e9gie, organisation, dimension soci\u00e9tale, nouvelles machines et technologies, sans oublier l\u2019homme au c\u0153ur du syst\u00e8me.<\/p>\n<p>&nbsp;<\/p>\n<p style=\"text-align: center;\"><strong>Devenez des OPEO, ensemble r\u00e9inventons l\u2019industrie\u2009!<\/strong><\/p>\n<p>&nbsp;<\/p>\n<p><img decoding=\"async\" class=\"alignnone size-full wp-image-2134\" src=\"http:\/\/opeo.consulting\/wp-content\/uploads\/2020\/09\/0001-1-scaled.jpg\" alt=\"\" width=\"9934\" height=\"7052\" \/><\/p>\n","button_label":"","button_type":"internal","internal_url":false,"external_url":"","media_url":false,"decor":"no","link_to_previous_section":false}]},"yoast_head":"<!-- This site is optimized with the Yoast SEO plugin v27.3 - https:\/\/yoast.com\/product\/yoast-seo-wordpress\/ -->\n<title>REJOIGNEZ OPEO ! Ensemble, construisons le futur de nos industries. ALTERNANT \u2013 CHARG\u00c9.E DE MISSIONS FINANCE CONFORMIT\u00c9 ET ADMIN \u2013 PARIS - OPEO<\/title>\n<meta name=\"robots\" content=\"index, follow, max-snippet:-1, max-image-preview:large, max-video-preview:-1\" \/>\n<link rel=\"canonical\" href=\"https:\/\/opeo.consulting\/en\/career\/alternant-charge-e-de-missions-finance-conformite-et-admin-paris\/\" \/>\n<meta property=\"og:locale\" content=\"en_US\" \/>\n<meta property=\"og:type\" content=\"article\" \/>\n<meta property=\"og:title\" content=\"REJOIGNEZ OPEO ! Ensemble, construisons le futur de nos industries. ALTERNANT \u2013 CHARG\u00c9.E DE MISSIONS FINANCE CONFORMIT\u00c9 ET ADMIN \u2013 PARIS - OPEO\" \/>\n<meta property=\"og:url\" content=\"https:\/\/opeo.consulting\/en\/career\/alternant-charge-e-de-missions-finance-conformite-et-admin-paris\/\" \/>\n<meta property=\"og:site_name\" content=\"OPEO\" \/>\n<meta property=\"article:modified_time\" content=\"2022-09-07T17:27:33+00:00\" \/>\n<meta name=\"twitter:card\" content=\"summary_large_image\" \/>\n<script type=\"application\/ld+json\" class=\"yoast-schema-graph\">{\"@context\":\"https:\\\/\\\/schema.org\",\"@graph\":[{\"@type\":\"WebPage\",\"@id\":\"https:\\\/\\\/opeo.consulting\\\/en\\\/career\\\/alternant-charge-e-de-missions-finance-conformite-et-admin-paris\\\/\",\"url\":\"https:\\\/\\\/opeo.consulting\\\/en\\\/career\\\/alternant-charge-e-de-missions-finance-conformite-et-admin-paris\\\/\",\"name\":\"REJOIGNEZ OPEO ! Ensemble, construisons le futur de nos industries. ALTERNANT \u2013 CHARG\u00c9.E DE MISSIONS FINANCE CONFORMIT\u00c9 ET ADMIN \u2013 PARIS - OPEO\",\"isPartOf\":{\"@id\":\"https:\\\/\\\/opeo.consulting\\\/en\\\/#website\"},\"datePublished\":\"2022-09-07T17:05:24+00:00\",\"dateModified\":\"2022-09-07T17:27:33+00:00\",\"breadcrumb\":{\"@id\":\"https:\\\/\\\/opeo.consulting\\\/en\\\/career\\\/alternant-charge-e-de-missions-finance-conformite-et-admin-paris\\\/#breadcrumb\"},\"inLanguage\":\"en-US\",\"potentialAction\":[{\"@type\":\"ReadAction\",\"target\":[\"https:\\\/\\\/opeo.consulting\\\/en\\\/career\\\/alternant-charge-e-de-missions-finance-conformite-et-admin-paris\\\/\"]}]},{\"@type\":\"BreadcrumbList\",\"@id\":\"https:\\\/\\\/opeo.consulting\\\/en\\\/career\\\/alternant-charge-e-de-missions-finance-conformite-et-admin-paris\\\/#breadcrumb\",\"itemListElement\":[{\"@type\":\"ListItem\",\"position\":1,\"name\":\"Accueil\",\"item\":\"https:\\\/\\\/opeo.consulting\\\/en\\\/\"},{\"@type\":\"ListItem\",\"position\":2,\"name\":\"OPEO Team\",\"item\":\"https:\\\/\\\/opeo.consulting\\\/en\\\/lequipeopeo\\\/\"},{\"@type\":\"ListItem\",\"position\":3,\"name\":\"Devenez un\u00b7e OPEO \\\/ Become an OPEO\",\"item\":\"https:\\\/\\\/opeo.consulting\\\/en\\\/lequipeopeo\\\/devenez-opeo\\\/\"},{\"@type\":\"ListItem\",\"position\":4,\"name\":\"ALTERNANT \u2013 CHARG\u00c9.E DE MISSIONS FINANCE CONFORMIT\u00c9 ET ADMIN \u2013 PARIS\"}]},{\"@type\":\"WebSite\",\"@id\":\"https:\\\/\\\/opeo.consulting\\\/en\\\/#website\",\"url\":\"https:\\\/\\\/opeo.consulting\\\/en\\\/\",\"name\":\"OPEO\",\"description\":\"Vos op\u00e9rations sont strat\u00e9giques\",\"publisher\":{\"@id\":\"https:\\\/\\\/opeo.consulting\\\/en\\\/#organization\"},\"potentialAction\":[{\"@type\":\"SearchAction\",\"target\":{\"@type\":\"EntryPoint\",\"urlTemplate\":\"https:\\\/\\\/opeo.consulting\\\/en\\\/?s={search_term_string}\"},\"query-input\":{\"@type\":\"PropertyValueSpecification\",\"valueRequired\":true,\"valueName\":\"search_term_string\"}}],\"inLanguage\":\"en-US\"},{\"@type\":\"Organization\",\"@id\":\"https:\\\/\\\/opeo.consulting\\\/en\\\/#organization\",\"name\":\"OPEO Conseil\",\"alternateName\":\"OPEO\",\"url\":\"https:\\\/\\\/opeo.consulting\\\/en\\\/\",\"logo\":{\"@type\":\"ImageObject\",\"inLanguage\":\"en-US\",\"@id\":\"https:\\\/\\\/opeo.consulting\\\/en\\\/#\\\/schema\\\/logo\\\/image\\\/\",\"url\":\"https:\\\/\\\/opeo.consulting\\\/wp-content\\\/uploads\\\/2020\\\/10\\\/cropped-Plan-de-travail-1.png\",\"contentUrl\":\"https:\\\/\\\/opeo.consulting\\\/wp-content\\\/uploads\\\/2020\\\/10\\\/cropped-Plan-de-travail-1.png\",\"width\":512,\"height\":512,\"caption\":\"OPEO Conseil\"},\"image\":{\"@id\":\"https:\\\/\\\/opeo.consulting\\\/en\\\/#\\\/schema\\\/logo\\\/image\\\/\"},\"sameAs\":[\"https:\\\/\\\/www.youtube.com\\\/@opeo.consulting\"]}]}<\/script>\n<!-- \/ Yoast SEO plugin. -->","yoast_head_json":{"title":"REJOIGNEZ OPEO ! Ensemble, construisons le futur de nos industries. ALTERNANT \u2013 CHARG\u00c9.E DE MISSIONS FINANCE CONFORMIT\u00c9 ET ADMIN \u2013 PARIS - OPEO","robots":{"index":"index","follow":"follow","max-snippet":"max-snippet:-1","max-image-preview":"max-image-preview:large","max-video-preview":"max-video-preview:-1"},"canonical":"https:\/\/opeo.consulting\/en\/career\/alternant-charge-e-de-missions-finance-conformite-et-admin-paris\/","og_locale":"en_US","og_type":"article","og_title":"REJOIGNEZ OPEO ! Ensemble, construisons le futur de nos industries. ALTERNANT \u2013 CHARG\u00c9.E DE MISSIONS FINANCE CONFORMIT\u00c9 ET ADMIN \u2013 PARIS - OPEO","og_url":"https:\/\/opeo.consulting\/en\/career\/alternant-charge-e-de-missions-finance-conformite-et-admin-paris\/","og_site_name":"OPEO","article_modified_time":"2022-09-07T17:27:33+00:00","twitter_card":"summary_large_image","schema":{"@context":"https:\/\/schema.org","@graph":[{"@type":"WebPage","@id":"https:\/\/opeo.consulting\/en\/career\/alternant-charge-e-de-missions-finance-conformite-et-admin-paris\/","url":"https:\/\/opeo.consulting\/en\/career\/alternant-charge-e-de-missions-finance-conformite-et-admin-paris\/","name":"REJOIGNEZ OPEO ! Ensemble, construisons le futur de nos industries. ALTERNANT \u2013 CHARG\u00c9.E DE MISSIONS FINANCE CONFORMIT\u00c9 ET ADMIN \u2013 PARIS - OPEO","isPartOf":{"@id":"https:\/\/opeo.consulting\/en\/#website"},"datePublished":"2022-09-07T17:05:24+00:00","dateModified":"2022-09-07T17:27:33+00:00","breadcrumb":{"@id":"https:\/\/opeo.consulting\/en\/career\/alternant-charge-e-de-missions-finance-conformite-et-admin-paris\/#breadcrumb"},"inLanguage":"en-US","potentialAction":[{"@type":"ReadAction","target":["https:\/\/opeo.consulting\/en\/career\/alternant-charge-e-de-missions-finance-conformite-et-admin-paris\/"]}]},{"@type":"BreadcrumbList","@id":"https:\/\/opeo.consulting\/en\/career\/alternant-charge-e-de-missions-finance-conformite-et-admin-paris\/#breadcrumb","itemListElement":[{"@type":"ListItem","position":1,"name":"Accueil","item":"https:\/\/opeo.consulting\/en\/"},{"@type":"ListItem","position":2,"name":"OPEO Team","item":"https:\/\/opeo.consulting\/en\/lequipeopeo\/"},{"@type":"ListItem","position":3,"name":"Devenez un\u00b7e OPEO \/ Become an OPEO","item":"https:\/\/opeo.consulting\/en\/lequipeopeo\/devenez-opeo\/"},{"@type":"ListItem","position":4,"name":"ALTERNANT \u2013 CHARG\u00c9.E DE MISSIONS FINANCE CONFORMIT\u00c9 ET ADMIN \u2013 PARIS"}]},{"@type":"WebSite","@id":"https:\/\/opeo.consulting\/en\/#website","url":"https:\/\/opeo.consulting\/en\/","name":"OPEO","description":"Vos op\u00e9rations sont strat\u00e9giques","publisher":{"@id":"https:\/\/opeo.consulting\/en\/#organization"},"potentialAction":[{"@type":"SearchAction","target":{"@type":"EntryPoint","urlTemplate":"https:\/\/opeo.consulting\/en\/?s={search_term_string}"},"query-input":{"@type":"PropertyValueSpecification","valueRequired":true,"valueName":"search_term_string"}}],"inLanguage":"en-US"},{"@type":"Organization","@id":"https:\/\/opeo.consulting\/en\/#organization","name":"OPEO Conseil","alternateName":"OPEO","url":"https:\/\/opeo.consulting\/en\/","logo":{"@type":"ImageObject","inLanguage":"en-US","@id":"https:\/\/opeo.consulting\/en\/#\/schema\/logo\/image\/","url":"https:\/\/opeo.consulting\/wp-content\/uploads\/2020\/10\/cropped-Plan-de-travail-1.png","contentUrl":"https:\/\/opeo.consulting\/wp-content\/uploads\/2020\/10\/cropped-Plan-de-travail-1.png","width":512,"height":512,"caption":"OPEO Conseil"},"image":{"@id":"https:\/\/opeo.consulting\/en\/#\/schema\/logo\/image\/"},"sameAs":["https:\/\/www.youtube.com\/@opeo.consulting"]}]}},"jetpack_sharing_enabled":true,"_links":{"self":[{"href":"https:\/\/opeo.consulting\/en\/wp-json\/wp\/v2\/pages\/3600","targetHints":{"allow":["GET"]}}],"collection":[{"href":"https:\/\/opeo.consulting\/en\/wp-json\/wp\/v2\/pages"}],"about":[{"href":"https:\/\/opeo.consulting\/en\/wp-json\/wp\/v2\/types\/page"}],"author":[{"embeddable":true,"href":"https:\/\/opeo.consulting\/en\/wp-json\/wp\/v2\/users\/3"}],"replies":[{"embeddable":true,"href":"https:\/\/opeo.consulting\/en\/wp-json\/wp\/v2\/comments?post=3600"}],"version-history":[{"count":0,"href":"https:\/\/opeo.consulting\/en\/wp-json\/wp\/v2\/pages\/3600\/revisions"}],"up":[{"embeddable":true,"href":"https:\/\/opeo.consulting\/en\/wp-json\/wp\/v2\/pages\/8627"}],"wp:attachment":[{"href":"https:\/\/opeo.consulting\/en\/wp-json\/wp\/v2\/media?parent=3600"}],"curies":[{"name":"wp","href":"https:\/\/api.w.org\/{rel}","templated":true}]}}