{"id":3590,"date":"2022-09-07T17:33:23","date_gmt":"2022-09-07T15:33:23","guid":{"rendered":"https:\/\/opeo-conseil.fr\/lequipeopeo\/devenez-opeo\/ux-ui-designer-transformation-industrielle-operationnelle\/"},"modified":"2022-09-07T18:22:08","modified_gmt":"2022-09-07T16:22:08","slug":"ux-ui-designer-transformation-industrielle-operationnelle","status":"publish","type":"page","link":"https:\/\/opeo.consulting\/en\/career\/ux-ui-designer-transformation-industrielle-operationnelle\/","title":{"rendered":"UX-UI DESIGNER TRANSFORMATION INDUSTRIELLE &#038; OP\u00c9RATIONNELLE"},"content":{"rendered":"","protected":false},"excerpt":{"rendered":"","protected":false},"author":3,"featured_media":0,"parent":8627,"menu_order":0,"comment_status":"closed","ping_status":"closed","template":"","meta":{"_acf_changed":false,"content-type":"","footnotes":""},"class_list":["post-3590","page","type-page","status-publish","hentry"],"acf":{"sections":[{"acf_fc_layout":"heading","title":"<p>UX-UI Designer<br \/>\ntransformation industrielle &amp; op\u00e9rationnelle<\/p>\n","subtitle":"","introduction":"","logo_1":false,"logo_2":false,"bg_image":{"ID":1705,"id":1705,"title":"Rebond-2000x1100","filename":"Rebond-2000x1100-1.png","filesize":1157860,"url":"https:\/\/opeo.consulting\/wp-content\/uploads\/2020\/09\/Rebond-2000x1100-1.png","link":"https:\/\/opeo.consulting\/en\/notre-offre\/pilotez-votre-rebond-industriel\/rebond-2000x1100\/","alt":"","author":"3","description":"","caption":"","name":"rebond-2000x1100","status":"inherit","uploaded_to":1485,"date":"2020-09-17 07:04:57","modified":"2020-09-17 07:04:57","menu_order":0,"mime_type":"image\/png","type":"image","subtype":"png","icon":"https:\/\/opeo.consulting\/wp-includes\/images\/media\/default.png","width":2000,"height":1100,"sizes":{"thumbnail":"https:\/\/opeo.consulting\/wp-content\/uploads\/2020\/09\/Rebond-2000x1100-1-150x150.png","thumbnail-width":150,"thumbnail-height":150,"medium":"https:\/\/opeo.consulting\/wp-content\/uploads\/2020\/09\/Rebond-2000x1100-1-300x165.png","medium-width":300,"medium-height":165,"medium_large":"https:\/\/opeo.consulting\/wp-content\/uploads\/2020\/09\/Rebond-2000x1100-1-768x422.png","medium_large-width":768,"medium_large-height":422,"large":"https:\/\/opeo.consulting\/wp-content\/uploads\/2020\/09\/Rebond-2000x1100-1-1024x563.png","large-width":1024,"large-height":563,"1536x1536":"https:\/\/opeo.consulting\/wp-content\/uploads\/2020\/09\/Rebond-2000x1100-1-1536x845.png","1536x1536-width":1536,"1536x1536-height":845,"2048x2048":"https:\/\/opeo.consulting\/wp-content\/uploads\/2020\/09\/Rebond-2000x1100-1.png","2048x2048-width":2000,"2048x2048-height":1100,"background-desktop":"https:\/\/opeo.consulting\/wp-content\/uploads\/2020\/09\/Rebond-2000x1100-1-2000x1100.png","background-desktop-width":2000,"background-desktop-height":1100,"background-mobile":"https:\/\/opeo.consulting\/wp-content\/uploads\/2020\/09\/Rebond-2000x1100-1-750x1100.png","background-mobile-width":750,"background-mobile-height":1100,"news":"https:\/\/opeo.consulting\/wp-content\/uploads\/2020\/09\/Rebond-2000x1100-1.png","news-width":553,"news-height":304,"medium-thumbnail":"https:\/\/opeo.consulting\/wp-content\/uploads\/2020\/09\/Rebond-2000x1100-1-600x600.png","medium-thumbnail-width":600,"medium-thumbnail-height":600,"big-thumbnail":"https:\/\/opeo.consulting\/wp-content\/uploads\/2020\/09\/Rebond-2000x1100-1-800x800.png","big-thumbnail-width":800,"big-thumbnail-height":800,"card":"https:\/\/opeo.consulting\/wp-content\/uploads\/2020\/09\/Rebond-2000x1100-1-600x360.png","card-width":600,"card-height":360}},"bg_image_responsive":false,"thumbnail":{"ID":1706,"id":1706,"title":"Rebond-800x800","filename":"Rebond-800x800-1.png","filesize":436370,"url":"https:\/\/opeo.consulting\/wp-content\/uploads\/2020\/09\/Rebond-800x800-1.png","link":"https:\/\/opeo.consulting\/en\/notre-offre\/pilotez-votre-rebond-industriel\/rebond-800x800\/","alt":"","author":"3","description":"","caption":"","name":"rebond-800x800","status":"inherit","uploaded_to":1485,"date":"2020-09-17 07:05:53","modified":"2020-09-17 07:05:53","menu_order":0,"mime_type":"image\/png","type":"image","subtype":"png","icon":"https:\/\/opeo.consulting\/wp-includes\/images\/media\/default.png","width":800,"height":800,"sizes":{"thumbnail":"https:\/\/opeo.consulting\/wp-content\/uploads\/2020\/09\/Rebond-800x800-1-150x150.png","thumbnail-width":150,"thumbnail-height":150,"medium":"https:\/\/opeo.consulting\/wp-content\/uploads\/2020\/09\/Rebond-800x800-1-300x300.png","medium-width":300,"medium-height":300,"medium_large":"https:\/\/opeo.consulting\/wp-content\/uploads\/2020\/09\/Rebond-800x800-1-768x768.png","medium_large-width":768,"medium_large-height":768,"large":"https:\/\/opeo.consulting\/wp-content\/uploads\/2020\/09\/Rebond-800x800-1.png","large-width":800,"large-height":800,"1536x1536":"https:\/\/opeo.consulting\/wp-content\/uploads\/2020\/09\/Rebond-800x800-1.png","1536x1536-width":800,"1536x1536-height":800,"2048x2048":"https:\/\/opeo.consulting\/wp-content\/uploads\/2020\/09\/Rebond-800x800-1.png","2048x2048-width":800,"2048x2048-height":800,"background-desktop":"https:\/\/opeo.consulting\/wp-content\/uploads\/2020\/09\/Rebond-800x800-1.png","background-desktop-width":800,"background-desktop-height":800,"background-mobile":"https:\/\/opeo.consulting\/wp-content\/uploads\/2020\/09\/Rebond-800x800-1-750x800.png","background-mobile-width":750,"background-mobile-height":800,"news":"https:\/\/opeo.consulting\/wp-content\/uploads\/2020\/09\/Rebond-800x800-1.png","news-width":304,"news-height":304,"medium-thumbnail":"https:\/\/opeo.consulting\/wp-content\/uploads\/2020\/09\/Rebond-800x800-1-600x600.png","medium-thumbnail-width":600,"medium-thumbnail-height":600,"big-thumbnail":"https:\/\/opeo.consulting\/wp-content\/uploads\/2020\/09\/Rebond-800x800-1-800x800.png","big-thumbnail-width":800,"big-thumbnail-height":800,"card":"https:\/\/opeo.consulting\/wp-content\/uploads\/2020\/09\/Rebond-800x800-1-600x360.png","card-width":600,"card-height":360}},"scroll_to":false,"button":false,"button_label":"","link":"","decor":"no"},{"acf_fc_layout":"text","title":"","introduction":"<p><img decoding=\"async\" class=\"aligncenter wp-image-2409\" src=\"http:\/\/opeo.consulting\/wp-content\/uploads\/2020\/10\/GPTW-1024x724.png\" alt=\"\" width=\"636\" height=\"450\" srcset=\"https:\/\/opeo.consulting\/wp-content\/uploads\/2020\/10\/GPTW-1024x724.png 1024w, https:\/\/opeo.consulting\/wp-content\/uploads\/2020\/10\/GPTW-300x212.png 300w, https:\/\/opeo.consulting\/wp-content\/uploads\/2020\/10\/GPTW-768x543.png 768w, https:\/\/opeo.consulting\/wp-content\/uploads\/2020\/10\/GPTW-1536x1086.png 1536w, https:\/\/opeo.consulting\/wp-content\/uploads\/2020\/10\/GPTW.png 1913w\" sizes=\"(max-width: 636px) 100vw, 636px\" \/><\/p>\n<p>&nbsp;<\/p>\n<p><a href=\"http:\/\/opeo.consulting\">OPEO<\/a> (Op\u00e9rations &amp; Organisations) est un cabinet de conseil fond\u00e9 en 2012 par des passionn\u00e9s d\u2019industrie avec une vision : une industrie fran\u00e7aise et europ\u00e9enne innovante, au service d\u2019une \u00e9conomie renouvel\u00e9e et forte.<\/p>\n<p><strong>Nos valeurs reposent sur une passion partag\u00e9e pour l\u2019Industrie, l\u2019Humain et les Op\u00e9rations.<\/strong><\/p>\n<p>Passionn\u00e9e par le monde industriel, et leader de\u00a0l\u2019excellence op\u00e9rationnelle, l\u2019\u00e9quipe OPEO accompagne depuis plusieurs ann\u00e9es la transformation compl\u00e8te (aspects strat\u00e9giques, organisationnels, humains et technologiques) des entreprises industrielles dans leur transition vers un mod\u00e8le hybride \u201cindustrie + tech\u201d pour d\u00e9multiplier la valeur cr\u00e9\u00e9e tout en \u00e9tant plus responsable pour la plan\u00e8te.<\/p>\n<h4 class=\"sub_title\">En tant qu\u2019UX-UI Designer au sein de l\u2019\u00e9quipe OPEO, vous pourrez :<\/h4>\n<ul>\n<li>Chez nos clients\u00a0:\n<ul>\n<li>Simplifier les syst\u00e8mes informatiques (applications, sites Internet, logiciels) pour les utilisateurs<\/li>\n<li>Cr\u00e9er le design de toutes les interfaces\u00a0qui sont dans le logiciel<\/li>\n<li>Comprendre le profil \u00ab\u00a0user\u00a0\u00bb, son parcours, ses probl\u00e8mes, ses motivations\u2026 pour s\u2019en servir pour tester les hypoth\u00e8ses de l\u2019\u00e9quipe produit, afin de les valider ou de les invalider.<\/li>\n<li>Travailler en \u00e9troite collaboration avec les ing\u00e9nieurs de produits pour sugg\u00e9rer des am\u00e9liorations aux produits et aux processus<\/li>\n<\/ul>\n<\/li>\n<li>\u00catre \u00e0 l\u2019aff\u00fbt des derni\u00e8res innovations en termes de design\u00a0afin de s\u2019assurer que le produit soit toujours la pointe<\/li>\n<li>Apprendre au client \u00e0 identifier de nouvelles opportunit\u00e9s business en organisant et faisant la user research et l\u2019\u00e9valuation de la faisabilit\u00e9 technique<\/li>\n<li>Animer des ateliers de D\u00e9finition\/Id\u00e9ation avec les \u00e9quipes produit<\/li>\n<li>Suivre et analyser l&#8217;\u00e9volution des KPIs de votre p\u00e9rim\u00e8tre<\/li>\n<li>Accompagner et coacher une alternante UX designer<\/li>\n<\/ul>\n<p><strong>Exemples de missions<\/strong><\/p>\n<ul>\n<li>Dans le cadre d&#8217;une transformation chez un constructeur automobile, l&#8217;UX designer a \u00e9t\u00e9 en charge de produire des interfaces pour am\u00e9liorer les processus m\u00e9tier, notamment des dashboards, pour mieux piloter la production de moteurs<\/li>\n<li>Dans le cadre d&#8217;une transformation au sein d\u2019une entreprise de satellites maritimes, l&#8217;UX designer a assist\u00e9 les consultants et appliqu\u00e9 la d\u00e9marche UX pour am\u00e9liorer les interfaces existantes.<\/li>\n<\/ul>\n<h4 class=\"sub_title\">Votre exp\u00e9rience<\/h4>\n<ul>\n<li>2-5 ans d\u2019exp\u00e9rience en UX Design<\/li>\n<li>Bilingue fran\u00e7ais \u2013 anglais<\/li>\n<\/ul>\n<h4 class=\"sub_title\">Vos atouts<\/h4>\n<ul>\n<li>Esprit d\u2019\u00e9quipe, sens de l\u2019entraide<\/li>\n<li>Sens de la communication et \u00e9coute active, sur le terrain comme aupr\u00e8s de dirigeant(e)s<\/li>\n<li>Humilit\u00e9, curiosit\u00e9, envie d\u2019apprendre et de transmettre<\/li>\n<li>Cr\u00e9ativit\u00e9 et force de proposition<\/li>\n<li>Autonomie et la capacit\u00e9 \u00e0 d\u00e9livrer rapidement<\/li>\n<\/ul>\n<h4 class=\"sub_title\">Vos perspectives de d\u00e9veloppement chez OPEO<\/h4>\n<ul>\n<li>Fort accent mis sur le d\u00e9veloppement personnel, la formation et l\u2019innovation<\/li>\n<li>Travail en \u00e9quipe\u00a0: d\u00e9veloppement de vos comp\u00e9tences manag\u00e9riales en accompagnement d\u2019une alternante UX et partage d\u2019exp\u00e9riences au quotidien avec l\u2019\u00e9quipe Tech et d\u2019experts op\u00e9rationnels<\/li>\n<li>Apprentissage d\u2019une m\u00e9thode de travail focalis\u00e9e sur les pr\u00e9occupations du terrain et des top managers de nos clients, et sur les besoins \u00ab\u2009business\u2009\u00bb au-del\u00e0 des op\u00e9rations<\/li>\n<li>D\u00e9couverte de missions tr\u00e8s vari\u00e9es en termes de secteurs industriels et de sujets<\/li>\n<\/ul>\n<p>&nbsp;<\/p>\n<p>A noter\u00a0: permis de conduire n\u00e9cessaire. Nous accompagnons nos \u00e9quipes clients sur le terrain, au c\u0153ur des usines, des d\u00e9placements hebdomadaires sont donc \u00e0 pr\u00e9voir.<\/p>\n<p>N\u2019h\u00e9sitez pas \u00e0 prendre connaissance de nos activit\u00e9s et de notre actualit\u00e9 en consultant notre site\u00a0<a href=\"http:\/\/www.opeo-conseil.fr\/\">opeo-conseil.fr<\/a>\u00a0ou notre fil d&#8217;actu\u00a0<a href=\"https:\/\/fr.linkedin.com\/company\/opeo\">LinkedIn<\/a>.<\/p>\n<p>&nbsp;<\/p>\n<p style=\"text-align: center;\">Postulez vite\u2009sur <a href=\"mailto:recrutement@opeo-conseil.fr\">recrutement@opeo-conseil.fr<\/a>\u00a0! <strong>Avec OPEO, r\u00e9inventez l\u2019industrie\u2009!<\/strong><\/p>\n<p><img decoding=\"async\" class=\"aligncenter wp-image-2410\" src=\"http:\/\/opeo.consulting\/wp-content\/uploads\/2020\/10\/1583485498_Campagne-de-recrutement-version-selfie-1024x683.jpg\" alt=\"\" width=\"675\" height=\"450\" srcset=\"https:\/\/opeo.consulting\/wp-content\/uploads\/2020\/10\/1583485498_Campagne-de-recrutement-version-selfie-1024x683.jpg 1024w, https:\/\/opeo.consulting\/wp-content\/uploads\/2020\/10\/1583485498_Campagne-de-recrutement-version-selfie-300x200.jpg 300w, https:\/\/opeo.consulting\/wp-content\/uploads\/2020\/10\/1583485498_Campagne-de-recrutement-version-selfie-768x512.jpg 768w, https:\/\/opeo.consulting\/wp-content\/uploads\/2020\/10\/1583485498_Campagne-de-recrutement-version-selfie.jpg 1200w\" sizes=\"(max-width: 675px) 100vw, 675px\" \/><\/p>\n","button_label":"","button_type":"internal","internal_url":false,"external_url":"","media_url":false,"decor":"no","link_to_previous_section":false}]},"yoast_head":"<!-- This site is optimized with the Yoast SEO plugin v27.3 - https:\/\/yoast.com\/product\/yoast-seo-wordpress\/ -->\n<title>REJOIGNEZ OPEO ! Ensemble, construisons le futur de nos industries. UX-UI DESIGNER TRANSFORMATION INDUSTRIELLE &amp; OP\u00c9RATIONNELLE - OPEO<\/title>\n<meta name=\"robots\" content=\"index, follow, max-snippet:-1, max-image-preview:large, max-video-preview:-1\" \/>\n<link rel=\"canonical\" href=\"https:\/\/opeo.consulting\/en\/career\/ux-ui-designer-transformation-industrielle-operationnelle\/\" \/>\n<meta property=\"og:locale\" content=\"en_US\" \/>\n<meta property=\"og:type\" content=\"article\" \/>\n<meta property=\"og:title\" content=\"REJOIGNEZ OPEO ! Ensemble, construisons le futur de nos industries. UX-UI DESIGNER TRANSFORMATION INDUSTRIELLE &amp; OP\u00c9RATIONNELLE - OPEO\" \/>\n<meta property=\"og:url\" content=\"https:\/\/opeo.consulting\/en\/career\/ux-ui-designer-transformation-industrielle-operationnelle\/\" \/>\n<meta property=\"og:site_name\" content=\"OPEO\" \/>\n<meta property=\"article:modified_time\" content=\"2022-09-07T16:22:08+00:00\" \/>\n<meta name=\"twitter:card\" content=\"summary_large_image\" \/>\n<script type=\"application\/ld+json\" class=\"yoast-schema-graph\">{\"@context\":\"https:\\\/\\\/schema.org\",\"@graph\":[{\"@type\":\"WebPage\",\"@id\":\"https:\\\/\\\/opeo.consulting\\\/en\\\/career\\\/ux-ui-designer-transformation-industrielle-operationnelle\\\/\",\"url\":\"https:\\\/\\\/opeo.consulting\\\/en\\\/career\\\/ux-ui-designer-transformation-industrielle-operationnelle\\\/\",\"name\":\"REJOIGNEZ OPEO ! Ensemble, construisons le futur de nos industries. UX-UI DESIGNER TRANSFORMATION INDUSTRIELLE & OP\u00c9RATIONNELLE - OPEO\",\"isPartOf\":{\"@id\":\"https:\\\/\\\/opeo.consulting\\\/en\\\/#website\"},\"datePublished\":\"2022-09-07T15:33:23+00:00\",\"dateModified\":\"2022-09-07T16:22:08+00:00\",\"breadcrumb\":{\"@id\":\"https:\\\/\\\/opeo.consulting\\\/en\\\/career\\\/ux-ui-designer-transformation-industrielle-operationnelle\\\/#breadcrumb\"},\"inLanguage\":\"en-US\",\"potentialAction\":[{\"@type\":\"ReadAction\",\"target\":[\"https:\\\/\\\/opeo.consulting\\\/en\\\/career\\\/ux-ui-designer-transformation-industrielle-operationnelle\\\/\"]}]},{\"@type\":\"BreadcrumbList\",\"@id\":\"https:\\\/\\\/opeo.consulting\\\/en\\\/career\\\/ux-ui-designer-transformation-industrielle-operationnelle\\\/#breadcrumb\",\"itemListElement\":[{\"@type\":\"ListItem\",\"position\":1,\"name\":\"Accueil\",\"item\":\"https:\\\/\\\/opeo.consulting\\\/en\\\/\"},{\"@type\":\"ListItem\",\"position\":2,\"name\":\"OPEO Team\",\"item\":\"https:\\\/\\\/opeo.consulting\\\/en\\\/lequipeopeo\\\/\"},{\"@type\":\"ListItem\",\"position\":3,\"name\":\"Devenez un\u00b7e OPEO \\\/ Become an OPEO\",\"item\":\"https:\\\/\\\/opeo.consulting\\\/en\\\/lequipeopeo\\\/devenez-opeo\\\/\"},{\"@type\":\"ListItem\",\"position\":4,\"name\":\"UX-UI DESIGNER TRANSFORMATION INDUSTRIELLE &#038; OP\u00c9RATIONNELLE\"}]},{\"@type\":\"WebSite\",\"@id\":\"https:\\\/\\\/opeo.consulting\\\/en\\\/#website\",\"url\":\"https:\\\/\\\/opeo.consulting\\\/en\\\/\",\"name\":\"OPEO\",\"description\":\"Vos op\u00e9rations sont strat\u00e9giques\",\"publisher\":{\"@id\":\"https:\\\/\\\/opeo.consulting\\\/en\\\/#organization\"},\"potentialAction\":[{\"@type\":\"SearchAction\",\"target\":{\"@type\":\"EntryPoint\",\"urlTemplate\":\"https:\\\/\\\/opeo.consulting\\\/en\\\/?s={search_term_string}\"},\"query-input\":{\"@type\":\"PropertyValueSpecification\",\"valueRequired\":true,\"valueName\":\"search_term_string\"}}],\"inLanguage\":\"en-US\"},{\"@type\":\"Organization\",\"@id\":\"https:\\\/\\\/opeo.consulting\\\/en\\\/#organization\",\"name\":\"OPEO Conseil\",\"alternateName\":\"OPEO\",\"url\":\"https:\\\/\\\/opeo.consulting\\\/en\\\/\",\"logo\":{\"@type\":\"ImageObject\",\"inLanguage\":\"en-US\",\"@id\":\"https:\\\/\\\/opeo.consulting\\\/en\\\/#\\\/schema\\\/logo\\\/image\\\/\",\"url\":\"https:\\\/\\\/opeo.consulting\\\/wp-content\\\/uploads\\\/2020\\\/10\\\/cropped-Plan-de-travail-1.png\",\"contentUrl\":\"https:\\\/\\\/opeo.consulting\\\/wp-content\\\/uploads\\\/2020\\\/10\\\/cropped-Plan-de-travail-1.png\",\"width\":512,\"height\":512,\"caption\":\"OPEO Conseil\"},\"image\":{\"@id\":\"https:\\\/\\\/opeo.consulting\\\/en\\\/#\\\/schema\\\/logo\\\/image\\\/\"},\"sameAs\":[\"https:\\\/\\\/www.youtube.com\\\/@opeo.consulting\"]}]}<\/script>\n<!-- \/ Yoast SEO plugin. -->","yoast_head_json":{"title":"REJOIGNEZ OPEO ! Ensemble, construisons le futur de nos industries. UX-UI DESIGNER TRANSFORMATION INDUSTRIELLE & OP\u00c9RATIONNELLE - OPEO","robots":{"index":"index","follow":"follow","max-snippet":"max-snippet:-1","max-image-preview":"max-image-preview:large","max-video-preview":"max-video-preview:-1"},"canonical":"https:\/\/opeo.consulting\/en\/career\/ux-ui-designer-transformation-industrielle-operationnelle\/","og_locale":"en_US","og_type":"article","og_title":"REJOIGNEZ OPEO ! Ensemble, construisons le futur de nos industries. UX-UI DESIGNER TRANSFORMATION INDUSTRIELLE & OP\u00c9RATIONNELLE - OPEO","og_url":"https:\/\/opeo.consulting\/en\/career\/ux-ui-designer-transformation-industrielle-operationnelle\/","og_site_name":"OPEO","article_modified_time":"2022-09-07T16:22:08+00:00","twitter_card":"summary_large_image","schema":{"@context":"https:\/\/schema.org","@graph":[{"@type":"WebPage","@id":"https:\/\/opeo.consulting\/en\/career\/ux-ui-designer-transformation-industrielle-operationnelle\/","url":"https:\/\/opeo.consulting\/en\/career\/ux-ui-designer-transformation-industrielle-operationnelle\/","name":"REJOIGNEZ OPEO ! Ensemble, construisons le futur de nos industries. UX-UI DESIGNER TRANSFORMATION INDUSTRIELLE & OP\u00c9RATIONNELLE - OPEO","isPartOf":{"@id":"https:\/\/opeo.consulting\/en\/#website"},"datePublished":"2022-09-07T15:33:23+00:00","dateModified":"2022-09-07T16:22:08+00:00","breadcrumb":{"@id":"https:\/\/opeo.consulting\/en\/career\/ux-ui-designer-transformation-industrielle-operationnelle\/#breadcrumb"},"inLanguage":"en-US","potentialAction":[{"@type":"ReadAction","target":["https:\/\/opeo.consulting\/en\/career\/ux-ui-designer-transformation-industrielle-operationnelle\/"]}]},{"@type":"BreadcrumbList","@id":"https:\/\/opeo.consulting\/en\/career\/ux-ui-designer-transformation-industrielle-operationnelle\/#breadcrumb","itemListElement":[{"@type":"ListItem","position":1,"name":"Accueil","item":"https:\/\/opeo.consulting\/en\/"},{"@type":"ListItem","position":2,"name":"OPEO Team","item":"https:\/\/opeo.consulting\/en\/lequipeopeo\/"},{"@type":"ListItem","position":3,"name":"Devenez un\u00b7e OPEO \/ Become an OPEO","item":"https:\/\/opeo.consulting\/en\/lequipeopeo\/devenez-opeo\/"},{"@type":"ListItem","position":4,"name":"UX-UI DESIGNER TRANSFORMATION INDUSTRIELLE &#038; OP\u00c9RATIONNELLE"}]},{"@type":"WebSite","@id":"https:\/\/opeo.consulting\/en\/#website","url":"https:\/\/opeo.consulting\/en\/","name":"OPEO","description":"Vos op\u00e9rations sont strat\u00e9giques","publisher":{"@id":"https:\/\/opeo.consulting\/en\/#organization"},"potentialAction":[{"@type":"SearchAction","target":{"@type":"EntryPoint","urlTemplate":"https:\/\/opeo.consulting\/en\/?s={search_term_string}"},"query-input":{"@type":"PropertyValueSpecification","valueRequired":true,"valueName":"search_term_string"}}],"inLanguage":"en-US"},{"@type":"Organization","@id":"https:\/\/opeo.consulting\/en\/#organization","name":"OPEO Conseil","alternateName":"OPEO","url":"https:\/\/opeo.consulting\/en\/","logo":{"@type":"ImageObject","inLanguage":"en-US","@id":"https:\/\/opeo.consulting\/en\/#\/schema\/logo\/image\/","url":"https:\/\/opeo.consulting\/wp-content\/uploads\/2020\/10\/cropped-Plan-de-travail-1.png","contentUrl":"https:\/\/opeo.consulting\/wp-content\/uploads\/2020\/10\/cropped-Plan-de-travail-1.png","width":512,"height":512,"caption":"OPEO Conseil"},"image":{"@id":"https:\/\/opeo.consulting\/en\/#\/schema\/logo\/image\/"},"sameAs":["https:\/\/www.youtube.com\/@opeo.consulting"]}]}},"jetpack_sharing_enabled":true,"_links":{"self":[{"href":"https:\/\/opeo.consulting\/en\/wp-json\/wp\/v2\/pages\/3590","targetHints":{"allow":["GET"]}}],"collection":[{"href":"https:\/\/opeo.consulting\/en\/wp-json\/wp\/v2\/pages"}],"about":[{"href":"https:\/\/opeo.consulting\/en\/wp-json\/wp\/v2\/types\/page"}],"author":[{"embeddable":true,"href":"https:\/\/opeo.consulting\/en\/wp-json\/wp\/v2\/users\/3"}],"replies":[{"embeddable":true,"href":"https:\/\/opeo.consulting\/en\/wp-json\/wp\/v2\/comments?post=3590"}],"version-history":[{"count":0,"href":"https:\/\/opeo.consulting\/en\/wp-json\/wp\/v2\/pages\/3590\/revisions"}],"up":[{"embeddable":true,"href":"https:\/\/opeo.consulting\/en\/wp-json\/wp\/v2\/pages\/8627"}],"wp:attachment":[{"href":"https:\/\/opeo.consulting\/en\/wp-json\/wp\/v2\/media?parent=3590"}],"curies":[{"name":"wp","href":"https:\/\/api.w.org\/{rel}","templated":true}]}}