{"id":2545,"date":"2020-07-29T17:34:19","date_gmt":"2020-07-29T15:34:19","guid":{"rendered":"http:\/\/opeo-conseil.fr\/presse\/"},"modified":"2020-11-19T16:07:15","modified_gmt":"2020-11-19T15:07:15","slug":"presse","status":"publish","type":"page","link":"https:\/\/opeo.consulting\/en\/presse\/","title":{"rendered":"Presse"},"content":{"rendered":"","protected":false},"excerpt":{"rendered":"","protected":false},"author":1,"featured_media":0,"parent":0,"menu_order":8,"comment_status":"closed","ping_status":"closed","template":"","meta":{"_acf_changed":false,"content-type":"","footnotes":""},"class_list":["post-2545","page","type-page","status-publish","hentry"],"acf":{"sections":[{"acf_fc_layout":"heading","title":"<p>Presse<\/p>\n","subtitle":"","introduction":"<p>Expertises, contributions au d\u00e9bat public industriel, points de vue : retrouvez ici les derni\u00e8res expressions d&#8217;OPEO.<\/p>\n","logo_1":false,"logo_2":false,"bg_image":{"ID":1646,"id":1646,"title":"3-3-2000x1100","filename":"3-3-2000x1100-1.jpg","filesize":112427,"url":"https:\/\/opeo.consulting\/wp-content\/uploads\/2020\/09\/3-3-2000x1100-1.jpg","link":"https:\/\/opeo.consulting\/en\/?attachment_id=1646","alt":"","author":"3","description":"","caption":"","name":"3-3-2000x1100","status":"inherit","uploaded_to":503,"date":"2020-09-16 13:14:10","modified":"2020-09-16 13:14:10","menu_order":0,"mime_type":"image\/jpeg","type":"image","subtype":"jpeg","icon":"https:\/\/opeo.consulting\/wp-includes\/images\/media\/default.png","width":2000,"height":1100,"sizes":{"thumbnail":"https:\/\/opeo.consulting\/wp-content\/uploads\/2020\/09\/3-3-2000x1100-1-150x150.jpg","thumbnail-width":150,"thumbnail-height":150,"medium":"https:\/\/opeo.consulting\/wp-content\/uploads\/2020\/09\/3-3-2000x1100-1-300x165.jpg","medium-width":300,"medium-height":165,"medium_large":"https:\/\/opeo.consulting\/wp-content\/uploads\/2020\/09\/3-3-2000x1100-1-768x422.jpg","medium_large-width":768,"medium_large-height":422,"large":"https:\/\/opeo.consulting\/wp-content\/uploads\/2020\/09\/3-3-2000x1100-1-1024x563.jpg","large-width":1024,"large-height":563,"1536x1536":"https:\/\/opeo.consulting\/wp-content\/uploads\/2020\/09\/3-3-2000x1100-1-1536x845.jpg","1536x1536-width":1536,"1536x1536-height":845,"2048x2048":"https:\/\/opeo.consulting\/wp-content\/uploads\/2020\/09\/3-3-2000x1100-1.jpg","2048x2048-width":2000,"2048x2048-height":1100,"background-desktop":"https:\/\/opeo.consulting\/wp-content\/uploads\/2020\/09\/3-3-2000x1100-1-2000x1100.jpg","background-desktop-width":2000,"background-desktop-height":1100,"background-mobile":"https:\/\/opeo.consulting\/wp-content\/uploads\/2020\/09\/3-3-2000x1100-1-750x1100.jpg","background-mobile-width":750,"background-mobile-height":1100,"news":"https:\/\/opeo.consulting\/wp-content\/uploads\/2020\/09\/3-3-2000x1100-1.jpg","news-width":553,"news-height":304,"medium-thumbnail":"https:\/\/opeo.consulting\/wp-content\/uploads\/2020\/09\/3-3-2000x1100-1-600x600.jpg","medium-thumbnail-width":600,"medium-thumbnail-height":600,"big-thumbnail":"https:\/\/opeo.consulting\/wp-content\/uploads\/2020\/09\/3-3-2000x1100-1-800x800.jpg","big-thumbnail-width":800,"big-thumbnail-height":800,"card":"https:\/\/opeo.consulting\/wp-content\/uploads\/2020\/09\/3-3-2000x1100-1-600x360.jpg","card-width":600,"card-height":360}},"bg_image_responsive":false,"thumbnail":{"ID":1645,"id":1645,"title":"3-3-800x800","filename":"3-3-800x800-1.jpg","filesize":43159,"url":"https:\/\/opeo.consulting\/wp-content\/uploads\/2020\/09\/3-3-800x800-1.jpg","link":"https:\/\/opeo.consulting\/en\/?attachment_id=1645","alt":"","author":"3","description":"","caption":"","name":"3-3-800x800","status":"inherit","uploaded_to":503,"date":"2020-09-16 13:14:09","modified":"2020-09-16 13:14:09","menu_order":0,"mime_type":"image\/jpeg","type":"image","subtype":"jpeg","icon":"https:\/\/opeo.consulting\/wp-includes\/images\/media\/default.png","width":800,"height":800,"sizes":{"thumbnail":"https:\/\/opeo.consulting\/wp-content\/uploads\/2020\/09\/3-3-800x800-1-150x150.jpg","thumbnail-width":150,"thumbnail-height":150,"medium":"https:\/\/opeo.consulting\/wp-content\/uploads\/2020\/09\/3-3-800x800-1-300x300.jpg","medium-width":300,"medium-height":300,"medium_large":"https:\/\/opeo.consulting\/wp-content\/uploads\/2020\/09\/3-3-800x800-1-768x768.jpg","medium_large-width":768,"medium_large-height":768,"large":"https:\/\/opeo.consulting\/wp-content\/uploads\/2020\/09\/3-3-800x800-1.jpg","large-width":800,"large-height":800,"1536x1536":"https:\/\/opeo.consulting\/wp-content\/uploads\/2020\/09\/3-3-800x800-1.jpg","1536x1536-width":800,"1536x1536-height":800,"2048x2048":"https:\/\/opeo.consulting\/wp-content\/uploads\/2020\/09\/3-3-800x800-1.jpg","2048x2048-width":800,"2048x2048-height":800,"background-desktop":"https:\/\/opeo.consulting\/wp-content\/uploads\/2020\/09\/3-3-800x800-1.jpg","background-desktop-width":800,"background-desktop-height":800,"background-mobile":"https:\/\/opeo.consulting\/wp-content\/uploads\/2020\/09\/3-3-800x800-1-750x800.jpg","background-mobile-width":750,"background-mobile-height":800,"news":"https:\/\/opeo.consulting\/wp-content\/uploads\/2020\/09\/3-3-800x800-1.jpg","news-width":304,"news-height":304,"medium-thumbnail":"https:\/\/opeo.consulting\/wp-content\/uploads\/2020\/09\/3-3-800x800-1-600x600.jpg","medium-thumbnail-width":600,"medium-thumbnail-height":600,"big-thumbnail":"https:\/\/opeo.consulting\/wp-content\/uploads\/2020\/09\/3-3-800x800-1-800x800.jpg","big-thumbnail-width":800,"big-thumbnail-height":800,"card":"https:\/\/opeo.consulting\/wp-content\/uploads\/2020\/09\/3-3-800x800-1-600x360.jpg","card-width":600,"card-height":360}},"scroll_to":false,"button":false,"button_label":"","link":"","decor":"no"},{"acf_fc_layout":"news","title":"<p>Toute l&#8217;actualit\u00e9 OPEO dans la presse et les derniers \u00e9v\u00e8nements.<\/p>\n","introduction":"","automatic_selection":true,"taxonomy":false,"length":"4","articles":null,"button_label":"Actualit\u00e9s OPEO","button_type":"internal","internal_url":497,"external_url":"","media_url":false,"decor":"no","link_to_previous_section":false},{"acf_fc_layout":"text","title":"<p><b>Contactez un\u00b7e expert\u00b7e OPEO pour une interview ou un article.<\/b><\/p>\n","introduction":"","button_label":"Contactez-nous","button_type":"internal","internal_url":{"ID":2544,"post_author":"1","post_date":"2020-08-10 15:55:30","post_date_gmt":"2020-08-10 13:55:30","post_content":"","post_title":"Contact us","post_excerpt":"","post_status":"publish","comment_status":"closed","ping_status":"closed","post_password":"","post_name":"contact-us","to_ping":"","pinged":"","post_modified":"2025-07-01 16:10:43","post_modified_gmt":"2025-07-01 14:10:43","post_content_filtered":"","post_parent":0,"guid":"http:\/\/opeo-conseil.fr\/contact\/","menu_order":7,"post_type":"page","post_mime_type":"","comment_count":"0","filter":"raw"},"external_url":"","media_url":false,"decor":"no","link_to_previous_section":false}]},"yoast_head":"<!-- This site is optimized with the Yoast SEO plugin v27.3 - https:\/\/yoast.com\/product\/yoast-seo-wordpress\/ -->\n<title>Espace Presse - Retrouvez nos derni\u00e8res publications et actualit\u00e9s - OPEO<\/title>\n<meta name=\"description\" content=\"Retrouvez les derni\u00e8res actualit\u00e9s et publications d&#039;OPEO, cabinet de conseil leader en transformations industrielles.\" \/>\n<meta name=\"robots\" content=\"index, follow, max-snippet:-1, max-image-preview:large, max-video-preview:-1\" \/>\n<link rel=\"canonical\" href=\"https:\/\/opeo.consulting\/en\/presse\/\" \/>\n<meta property=\"og:locale\" content=\"en_US\" \/>\n<meta property=\"og:type\" content=\"article\" \/>\n<meta property=\"og:title\" content=\"Espace Presse - Retrouvez nos derni\u00e8res publications et actualit\u00e9s - OPEO\" \/>\n<meta property=\"og:description\" content=\"Retrouvez les derni\u00e8res actualit\u00e9s et publications d&#039;OPEO, cabinet de conseil leader en transformations industrielles.\" \/>\n<meta property=\"og:url\" content=\"https:\/\/opeo.consulting\/en\/presse\/\" \/>\n<meta property=\"og:site_name\" content=\"OPEO\" \/>\n<meta property=\"article:modified_time\" content=\"2020-11-19T15:07:15+00:00\" \/>\n<meta name=\"twitter:card\" content=\"summary_large_image\" \/>\n<script type=\"application\/ld+json\" class=\"yoast-schema-graph\">{\"@context\":\"https:\\\/\\\/schema.org\",\"@graph\":[{\"@type\":\"WebPage\",\"@id\":\"https:\\\/\\\/opeo.consulting\\\/en\\\/presse\\\/\",\"url\":\"https:\\\/\\\/opeo.consulting\\\/en\\\/presse\\\/\",\"name\":\"Espace Presse - Retrouvez nos derni\u00e8res publications et actualit\u00e9s - OPEO\",\"isPartOf\":{\"@id\":\"https:\\\/\\\/opeo.consulting\\\/en\\\/#website\"},\"datePublished\":\"2020-07-29T15:34:19+00:00\",\"dateModified\":\"2020-11-19T15:07:15+00:00\",\"description\":\"Retrouvez les derni\u00e8res actualit\u00e9s et publications d'OPEO, cabinet de conseil leader en transformations industrielles.\",\"breadcrumb\":{\"@id\":\"https:\\\/\\\/opeo.consulting\\\/en\\\/presse\\\/#breadcrumb\"},\"inLanguage\":\"en-US\",\"potentialAction\":[{\"@type\":\"ReadAction\",\"target\":[\"https:\\\/\\\/opeo.consulting\\\/en\\\/presse\\\/\"]}]},{\"@type\":\"BreadcrumbList\",\"@id\":\"https:\\\/\\\/opeo.consulting\\\/en\\\/presse\\\/#breadcrumb\",\"itemListElement\":[{\"@type\":\"ListItem\",\"position\":1,\"name\":\"Accueil\",\"item\":\"https:\\\/\\\/opeo.consulting\\\/en\\\/\"},{\"@type\":\"ListItem\",\"position\":2,\"name\":\"Presse\"}]},{\"@type\":\"WebSite\",\"@id\":\"https:\\\/\\\/opeo.consulting\\\/en\\\/#website\",\"url\":\"https:\\\/\\\/opeo.consulting\\\/en\\\/\",\"name\":\"OPEO\",\"description\":\"Vos op\u00e9rations sont strat\u00e9giques\",\"publisher\":{\"@id\":\"https:\\\/\\\/opeo.consulting\\\/en\\\/#organization\"},\"potentialAction\":[{\"@type\":\"SearchAction\",\"target\":{\"@type\":\"EntryPoint\",\"urlTemplate\":\"https:\\\/\\\/opeo.consulting\\\/en\\\/?s={search_term_string}\"},\"query-input\":{\"@type\":\"PropertyValueSpecification\",\"valueRequired\":true,\"valueName\":\"search_term_string\"}}],\"inLanguage\":\"en-US\"},{\"@type\":\"Organization\",\"@id\":\"https:\\\/\\\/opeo.consulting\\\/en\\\/#organization\",\"name\":\"OPEO Conseil\",\"alternateName\":\"OPEO\",\"url\":\"https:\\\/\\\/opeo.consulting\\\/en\\\/\",\"logo\":{\"@type\":\"ImageObject\",\"inLanguage\":\"en-US\",\"@id\":\"https:\\\/\\\/opeo.consulting\\\/en\\\/#\\\/schema\\\/logo\\\/image\\\/\",\"url\":\"https:\\\/\\\/opeo.consulting\\\/wp-content\\\/uploads\\\/2020\\\/10\\\/cropped-Plan-de-travail-1.png\",\"contentUrl\":\"https:\\\/\\\/opeo.consulting\\\/wp-content\\\/uploads\\\/2020\\\/10\\\/cropped-Plan-de-travail-1.png\",\"width\":512,\"height\":512,\"caption\":\"OPEO Conseil\"},\"image\":{\"@id\":\"https:\\\/\\\/opeo.consulting\\\/en\\\/#\\\/schema\\\/logo\\\/image\\\/\"},\"sameAs\":[\"https:\\\/\\\/www.youtube.com\\\/@opeo.consulting\"]}]}<\/script>\n<!-- \/ Yoast SEO plugin. -->","yoast_head_json":{"title":"Espace Presse - Retrouvez nos derni\u00e8res publications et actualit\u00e9s - OPEO","description":"Retrouvez les derni\u00e8res actualit\u00e9s et publications d'OPEO, cabinet de conseil leader en transformations industrielles.","robots":{"index":"index","follow":"follow","max-snippet":"max-snippet:-1","max-image-preview":"max-image-preview:large","max-video-preview":"max-video-preview:-1"},"canonical":"https:\/\/opeo.consulting\/en\/presse\/","og_locale":"en_US","og_type":"article","og_title":"Espace Presse - Retrouvez nos derni\u00e8res publications et actualit\u00e9s - OPEO","og_description":"Retrouvez les derni\u00e8res actualit\u00e9s et publications d'OPEO, cabinet de conseil leader en transformations industrielles.","og_url":"https:\/\/opeo.consulting\/en\/presse\/","og_site_name":"OPEO","article_modified_time":"2020-11-19T15:07:15+00:00","twitter_card":"summary_large_image","schema":{"@context":"https:\/\/schema.org","@graph":[{"@type":"WebPage","@id":"https:\/\/opeo.consulting\/en\/presse\/","url":"https:\/\/opeo.consulting\/en\/presse\/","name":"Espace Presse - Retrouvez nos derni\u00e8res publications et actualit\u00e9s - OPEO","isPartOf":{"@id":"https:\/\/opeo.consulting\/en\/#website"},"datePublished":"2020-07-29T15:34:19+00:00","dateModified":"2020-11-19T15:07:15+00:00","description":"Retrouvez les derni\u00e8res actualit\u00e9s et publications d'OPEO, cabinet de conseil leader en transformations industrielles.","breadcrumb":{"@id":"https:\/\/opeo.consulting\/en\/presse\/#breadcrumb"},"inLanguage":"en-US","potentialAction":[{"@type":"ReadAction","target":["https:\/\/opeo.consulting\/en\/presse\/"]}]},{"@type":"BreadcrumbList","@id":"https:\/\/opeo.consulting\/en\/presse\/#breadcrumb","itemListElement":[{"@type":"ListItem","position":1,"name":"Accueil","item":"https:\/\/opeo.consulting\/en\/"},{"@type":"ListItem","position":2,"name":"Presse"}]},{"@type":"WebSite","@id":"https:\/\/opeo.consulting\/en\/#website","url":"https:\/\/opeo.consulting\/en\/","name":"OPEO","description":"Vos op\u00e9rations sont strat\u00e9giques","publisher":{"@id":"https:\/\/opeo.consulting\/en\/#organization"},"potentialAction":[{"@type":"SearchAction","target":{"@type":"EntryPoint","urlTemplate":"https:\/\/opeo.consulting\/en\/?s={search_term_string}"},"query-input":{"@type":"PropertyValueSpecification","valueRequired":true,"valueName":"search_term_string"}}],"inLanguage":"en-US"},{"@type":"Organization","@id":"https:\/\/opeo.consulting\/en\/#organization","name":"OPEO Conseil","alternateName":"OPEO","url":"https:\/\/opeo.consulting\/en\/","logo":{"@type":"ImageObject","inLanguage":"en-US","@id":"https:\/\/opeo.consulting\/en\/#\/schema\/logo\/image\/","url":"https:\/\/opeo.consulting\/wp-content\/uploads\/2020\/10\/cropped-Plan-de-travail-1.png","contentUrl":"https:\/\/opeo.consulting\/wp-content\/uploads\/2020\/10\/cropped-Plan-de-travail-1.png","width":512,"height":512,"caption":"OPEO Conseil"},"image":{"@id":"https:\/\/opeo.consulting\/en\/#\/schema\/logo\/image\/"},"sameAs":["https:\/\/www.youtube.com\/@opeo.consulting"]}]}},"jetpack_sharing_enabled":true,"_links":{"self":[{"href":"https:\/\/opeo.consulting\/en\/wp-json\/wp\/v2\/pages\/2545","targetHints":{"allow":["GET"]}}],"collection":[{"href":"https:\/\/opeo.consulting\/en\/wp-json\/wp\/v2\/pages"}],"about":[{"href":"https:\/\/opeo.consulting\/en\/wp-json\/wp\/v2\/types\/page"}],"author":[{"embeddable":true,"href":"https:\/\/opeo.consulting\/en\/wp-json\/wp\/v2\/users\/1"}],"replies":[{"embeddable":true,"href":"https:\/\/opeo.consulting\/en\/wp-json\/wp\/v2\/comments?post=2545"}],"version-history":[{"count":0,"href":"https:\/\/opeo.consulting\/en\/wp-json\/wp\/v2\/pages\/2545\/revisions"}],"wp:attachment":[{"href":"https:\/\/opeo.consulting\/en\/wp-json\/wp\/v2\/media?parent=2545"}],"curies":[{"name":"wp","href":"https:\/\/api.w.org\/{rel}","templated":true}]}}