{"id":2544,"date":"2020-08-10T15:55:30","date_gmt":"2020-08-10T13:55:30","guid":{"rendered":"http:\/\/opeo-conseil.fr\/contact\/"},"modified":"2025-07-01T16:10:43","modified_gmt":"2025-07-01T14:10:43","slug":"contact-us","status":"publish","type":"page","link":"https:\/\/opeo.consulting\/en\/contact-us\/","title":{"rendered":"Contact us"},"content":{"rendered":"","protected":false},"excerpt":{"rendered":"","protected":false},"author":1,"featured_media":0,"parent":0,"menu_order":7,"comment_status":"closed","ping_status":"closed","template":"contact.php","meta":{"_acf_changed":false,"content-type":"","footnotes":""},"class_list":["post-2544","page","type-page","status-publish","hentry"],"acf":{"introduction":"<p>Thank you for your interest in OPEO. Do not hesitate to write!<\/p>\n","bg_image_responsive":false,"form":2684,"bg_image":{"ID":5460,"id":5460,"title":"AdobeStock_253128667","filename":"AdobeStock_253128667.png","filesize":1181762,"url":"https:\/\/opeo.consulting\/wp-content\/uploads\/2020\/07\/AdobeStock_253128667.png","link":"https:\/\/opeo.consulting\/en\/page-d-exemple\/adobestock_253128667-2\/","alt":"Paysage vert avec une usine pr\u00e9sente au loin ","author":"1","description":"","caption":"","name":"adobestock_253128667-2","status":"inherit","uploaded_to":2505,"date":"2020-07-30 12:01:40","modified":"2024-01-16 10:52:01","menu_order":0,"mime_type":"image\/png","type":"image","subtype":"png","icon":"https:\/\/opeo.consulting\/wp-includes\/images\/media\/default.png","width":1230,"height":496,"sizes":{"thumbnail":"https:\/\/opeo.consulting\/wp-content\/uploads\/2020\/07\/AdobeStock_253128667-150x150.png","thumbnail-width":150,"thumbnail-height":150,"medium":"https:\/\/opeo.consulting\/wp-content\/uploads\/2020\/07\/AdobeStock_253128667-300x121.png","medium-width":300,"medium-height":121,"medium_large":"https:\/\/opeo.consulting\/wp-content\/uploads\/2020\/07\/AdobeStock_253128667-768x310.png","medium_large-width":768,"medium_large-height":310,"large":"https:\/\/opeo.consulting\/wp-content\/uploads\/2020\/07\/AdobeStock_253128667-1024x413.png","large-width":1024,"large-height":413,"1536x1536":"https:\/\/opeo.consulting\/wp-content\/uploads\/2020\/07\/AdobeStock_253128667.png","1536x1536-width":1230,"1536x1536-height":496,"2048x2048":"https:\/\/opeo.consulting\/wp-content\/uploads\/2020\/07\/AdobeStock_253128667.png","2048x2048-width":1230,"2048x2048-height":496,"background-desktop":"https:\/\/opeo.consulting\/wp-content\/uploads\/2020\/07\/AdobeStock_253128667.png","background-desktop-width":1230,"background-desktop-height":496,"background-mobile":"https:\/\/opeo.consulting\/wp-content\/uploads\/2020\/07\/AdobeStock_253128667-750x496.png","background-mobile-width":750,"background-mobile-height":496,"news":"https:\/\/opeo.consulting\/wp-content\/uploads\/2020\/07\/AdobeStock_253128667.png","news-width":754,"news-height":304,"medium-thumbnail":"https:\/\/opeo.consulting\/wp-content\/uploads\/2020\/07\/AdobeStock_253128667-600x496.png","medium-thumbnail-width":600,"medium-thumbnail-height":496,"big-thumbnail":"https:\/\/opeo.consulting\/wp-content\/uploads\/2020\/07\/AdobeStock_253128667-800x496.png","big-thumbnail-width":800,"big-thumbnail-height":496,"card":"https:\/\/opeo.consulting\/wp-content\/uploads\/2020\/07\/AdobeStock_253128667-600x360.png","card-width":600,"card-height":360}},"thumbnail":{"ID":5461,"id":5461,"title":"Capture d\u2019e\u0301cran 2020-07-30 a\u0300 14.13.40","filename":"Capture-d\u2019e\u0301cran-2020-07-30-a\u0300-14.13.40.png","filesize":743104,"url":"https:\/\/opeo.consulting\/wp-content\/uploads\/2020\/07\/Capture-d\u2019e\u0301cran-2020-07-30-a\u0300-14.13.40.png","link":"https:\/\/opeo.consulting\/en\/page-d-exemple\/capture-decran-2020-07-30-a-14-13-40-2\/","alt":"Une for\u00eat o\u00f9 il y a une usine ","author":"1","description":"","caption":"","name":"capture-decran-2020-07-30-a-14-13-40-2","status":"inherit","uploaded_to":2505,"date":"2020-07-30 12:14:46","modified":"2024-04-11 12:41:56","menu_order":0,"mime_type":"image\/png","type":"image","subtype":"png","icon":"https:\/\/opeo.consulting\/wp-includes\/images\/media\/default.png","width":727,"height":702,"sizes":{"thumbnail":"https:\/\/opeo.consulting\/wp-content\/uploads\/2020\/07\/Capture-d\u2019e\u0301cran-2020-07-30-a\u0300-14.13.40-150x150.png","thumbnail-width":150,"thumbnail-height":150,"medium":"https:\/\/opeo.consulting\/wp-content\/uploads\/2020\/07\/Capture-d\u2019e\u0301cran-2020-07-30-a\u0300-14.13.40-300x290.png","medium-width":300,"medium-height":290,"medium_large":"https:\/\/opeo.consulting\/wp-content\/uploads\/2020\/07\/Capture-d\u2019e\u0301cran-2020-07-30-a\u0300-14.13.40.png","medium_large-width":727,"medium_large-height":702,"large":"https:\/\/opeo.consulting\/wp-content\/uploads\/2020\/07\/Capture-d\u2019e\u0301cran-2020-07-30-a\u0300-14.13.40.png","large-width":727,"large-height":702,"1536x1536":"https:\/\/opeo.consulting\/wp-content\/uploads\/2020\/07\/Capture-d\u2019e\u0301cran-2020-07-30-a\u0300-14.13.40.png","1536x1536-width":727,"1536x1536-height":702,"2048x2048":"https:\/\/opeo.consulting\/wp-content\/uploads\/2020\/07\/Capture-d\u2019e\u0301cran-2020-07-30-a\u0300-14.13.40.png","2048x2048-width":727,"2048x2048-height":702,"background-desktop":"https:\/\/opeo.consulting\/wp-content\/uploads\/2020\/07\/Capture-d\u2019e\u0301cran-2020-07-30-a\u0300-14.13.40.png","background-desktop-width":727,"background-desktop-height":702,"background-mobile":"https:\/\/opeo.consulting\/wp-content\/uploads\/2020\/07\/Capture-d\u2019e\u0301cran-2020-07-30-a\u0300-14.13.40.png","background-mobile-width":727,"background-mobile-height":702,"news":"https:\/\/opeo.consulting\/wp-content\/uploads\/2020\/07\/Capture-d\u2019e\u0301cran-2020-07-30-a\u0300-14.13.40.png","news-width":315,"news-height":304,"medium-thumbnail":"https:\/\/opeo.consulting\/wp-content\/uploads\/2020\/07\/Capture-d\u2019e\u0301cran-2020-07-30-a\u0300-14.13.40-600x600.png","medium-thumbnail-width":600,"medium-thumbnail-height":600,"big-thumbnail":"https:\/\/opeo.consulting\/wp-content\/uploads\/2020\/07\/Capture-d\u2019e\u0301cran-2020-07-30-a\u0300-14.13.40.png","big-thumbnail-width":727,"big-thumbnail-height":702,"card":"https:\/\/opeo.consulting\/wp-content\/uploads\/2020\/07\/Capture-d\u2019e\u0301cran-2020-07-30-a\u0300-14.13.40-600x360.png","card-width":600,"card-height":360}}},"yoast_head":"<!-- This site is optimized with the Yoast SEO plugin v27.3 - https:\/\/yoast.com\/product\/yoast-seo-wordpress\/ -->\n<title>Contact us | Opeo: supporting industrial change<\/title>\n<meta name=\"description\" content=\"OPEO accompagne les industriels et leurs \u00e9cosyst\u00e8mes \u00e0 devenir leaders sur leurs march\u00e9s, gr\u00e2ce \u00e0 l\u2019agilit\u00e9 de leurs organisations, l\u2019excellence de leurs op\u00e9rations et l\u2019hybridation digitale.\" \/>\n<meta name=\"robots\" content=\"index, follow, max-snippet:-1, max-image-preview:large, max-video-preview:-1\" \/>\n<link rel=\"canonical\" href=\"https:\/\/opeo.consulting\/en\/contact-us\/\" \/>\n<meta property=\"og:locale\" content=\"en_US\" \/>\n<meta property=\"og:type\" content=\"article\" \/>\n<meta property=\"og:title\" content=\"Contact us | Opeo: supporting industrial change\" \/>\n<meta property=\"og:description\" content=\"OPEO accompagne les industriels et leurs \u00e9cosyst\u00e8mes \u00e0 devenir leaders sur leurs march\u00e9s, gr\u00e2ce \u00e0 l\u2019agilit\u00e9 de leurs organisations, l\u2019excellence de leurs op\u00e9rations et l\u2019hybridation digitale.\" \/>\n<meta property=\"og:url\" content=\"https:\/\/opeo.consulting\/en\/contact-us\/\" \/>\n<meta property=\"og:site_name\" content=\"OPEO\" \/>\n<meta property=\"article:modified_time\" content=\"2025-07-01T14:10:43+00:00\" \/>\n<meta name=\"twitter:card\" content=\"summary_large_image\" \/>\n<script type=\"application\/ld+json\" class=\"yoast-schema-graph\">{\"@context\":\"https:\\\/\\\/schema.org\",\"@graph\":[{\"@type\":\"WebPage\",\"@id\":\"https:\\\/\\\/opeo.consulting\\\/en\\\/contact-us\\\/\",\"url\":\"https:\\\/\\\/opeo.consulting\\\/en\\\/contact-us\\\/\",\"name\":\"Contact us | Opeo: supporting industrial change\",\"isPartOf\":{\"@id\":\"https:\\\/\\\/opeo.consulting\\\/en\\\/#website\"},\"datePublished\":\"2020-08-10T13:55:30+00:00\",\"dateModified\":\"2025-07-01T14:10:43+00:00\",\"description\":\"OPEO accompagne les industriels et leurs \u00e9cosyst\u00e8mes \u00e0 devenir leaders sur leurs march\u00e9s, gr\u00e2ce \u00e0 l\u2019agilit\u00e9 de leurs organisations, l\u2019excellence de leurs op\u00e9rations et l\u2019hybridation digitale.\",\"breadcrumb\":{\"@id\":\"https:\\\/\\\/opeo.consulting\\\/en\\\/contact-us\\\/#breadcrumb\"},\"inLanguage\":\"en-US\",\"potentialAction\":[{\"@type\":\"ReadAction\",\"target\":[\"https:\\\/\\\/opeo.consulting\\\/en\\\/contact-us\\\/\"]}]},{\"@type\":\"BreadcrumbList\",\"@id\":\"https:\\\/\\\/opeo.consulting\\\/en\\\/contact-us\\\/#breadcrumb\",\"itemListElement\":[{\"@type\":\"ListItem\",\"position\":1,\"name\":\"Accueil\",\"item\":\"https:\\\/\\\/opeo.consulting\\\/en\\\/\"},{\"@type\":\"ListItem\",\"position\":2,\"name\":\"Contact us\"}]},{\"@type\":\"WebSite\",\"@id\":\"https:\\\/\\\/opeo.consulting\\\/en\\\/#website\",\"url\":\"https:\\\/\\\/opeo.consulting\\\/en\\\/\",\"name\":\"OPEO\",\"description\":\"Vos op\u00e9rations sont strat\u00e9giques\",\"publisher\":{\"@id\":\"https:\\\/\\\/opeo.consulting\\\/en\\\/#organization\"},\"potentialAction\":[{\"@type\":\"SearchAction\",\"target\":{\"@type\":\"EntryPoint\",\"urlTemplate\":\"https:\\\/\\\/opeo.consulting\\\/en\\\/?s={search_term_string}\"},\"query-input\":{\"@type\":\"PropertyValueSpecification\",\"valueRequired\":true,\"valueName\":\"search_term_string\"}}],\"inLanguage\":\"en-US\"},{\"@type\":\"Organization\",\"@id\":\"https:\\\/\\\/opeo.consulting\\\/en\\\/#organization\",\"name\":\"OPEO Conseil\",\"alternateName\":\"OPEO\",\"url\":\"https:\\\/\\\/opeo.consulting\\\/en\\\/\",\"logo\":{\"@type\":\"ImageObject\",\"inLanguage\":\"en-US\",\"@id\":\"https:\\\/\\\/opeo.consulting\\\/en\\\/#\\\/schema\\\/logo\\\/image\\\/\",\"url\":\"https:\\\/\\\/opeo.consulting\\\/wp-content\\\/uploads\\\/2020\\\/10\\\/cropped-Plan-de-travail-1.png\",\"contentUrl\":\"https:\\\/\\\/opeo.consulting\\\/wp-content\\\/uploads\\\/2020\\\/10\\\/cropped-Plan-de-travail-1.png\",\"width\":512,\"height\":512,\"caption\":\"OPEO Conseil\"},\"image\":{\"@id\":\"https:\\\/\\\/opeo.consulting\\\/en\\\/#\\\/schema\\\/logo\\\/image\\\/\"},\"sameAs\":[\"https:\\\/\\\/www.youtube.com\\\/@opeo.consulting\"]}]}<\/script>\n<!-- \/ Yoast SEO plugin. -->","yoast_head_json":{"title":"Contact us | Opeo: supporting industrial change","description":"OPEO accompagne les industriels et leurs \u00e9cosyst\u00e8mes \u00e0 devenir leaders sur leurs march\u00e9s, gr\u00e2ce \u00e0 l\u2019agilit\u00e9 de leurs organisations, l\u2019excellence de leurs op\u00e9rations et l\u2019hybridation digitale.","robots":{"index":"index","follow":"follow","max-snippet":"max-snippet:-1","max-image-preview":"max-image-preview:large","max-video-preview":"max-video-preview:-1"},"canonical":"https:\/\/opeo.consulting\/en\/contact-us\/","og_locale":"en_US","og_type":"article","og_title":"Contact us | Opeo: supporting industrial change","og_description":"OPEO accompagne les industriels et leurs \u00e9cosyst\u00e8mes \u00e0 devenir leaders sur leurs march\u00e9s, gr\u00e2ce \u00e0 l\u2019agilit\u00e9 de leurs organisations, l\u2019excellence de leurs op\u00e9rations et l\u2019hybridation digitale.","og_url":"https:\/\/opeo.consulting\/en\/contact-us\/","og_site_name":"OPEO","article_modified_time":"2025-07-01T14:10:43+00:00","twitter_card":"summary_large_image","schema":{"@context":"https:\/\/schema.org","@graph":[{"@type":"WebPage","@id":"https:\/\/opeo.consulting\/en\/contact-us\/","url":"https:\/\/opeo.consulting\/en\/contact-us\/","name":"Contact us | Opeo: supporting industrial change","isPartOf":{"@id":"https:\/\/opeo.consulting\/en\/#website"},"datePublished":"2020-08-10T13:55:30+00:00","dateModified":"2025-07-01T14:10:43+00:00","description":"OPEO accompagne les industriels et leurs \u00e9cosyst\u00e8mes \u00e0 devenir leaders sur leurs march\u00e9s, gr\u00e2ce \u00e0 l\u2019agilit\u00e9 de leurs organisations, l\u2019excellence de leurs op\u00e9rations et l\u2019hybridation digitale.","breadcrumb":{"@id":"https:\/\/opeo.consulting\/en\/contact-us\/#breadcrumb"},"inLanguage":"en-US","potentialAction":[{"@type":"ReadAction","target":["https:\/\/opeo.consulting\/en\/contact-us\/"]}]},{"@type":"BreadcrumbList","@id":"https:\/\/opeo.consulting\/en\/contact-us\/#breadcrumb","itemListElement":[{"@type":"ListItem","position":1,"name":"Accueil","item":"https:\/\/opeo.consulting\/en\/"},{"@type":"ListItem","position":2,"name":"Contact us"}]},{"@type":"WebSite","@id":"https:\/\/opeo.consulting\/en\/#website","url":"https:\/\/opeo.consulting\/en\/","name":"OPEO","description":"Vos op\u00e9rations sont strat\u00e9giques","publisher":{"@id":"https:\/\/opeo.consulting\/en\/#organization"},"potentialAction":[{"@type":"SearchAction","target":{"@type":"EntryPoint","urlTemplate":"https:\/\/opeo.consulting\/en\/?s={search_term_string}"},"query-input":{"@type":"PropertyValueSpecification","valueRequired":true,"valueName":"search_term_string"}}],"inLanguage":"en-US"},{"@type":"Organization","@id":"https:\/\/opeo.consulting\/en\/#organization","name":"OPEO Conseil","alternateName":"OPEO","url":"https:\/\/opeo.consulting\/en\/","logo":{"@type":"ImageObject","inLanguage":"en-US","@id":"https:\/\/opeo.consulting\/en\/#\/schema\/logo\/image\/","url":"https:\/\/opeo.consulting\/wp-content\/uploads\/2020\/10\/cropped-Plan-de-travail-1.png","contentUrl":"https:\/\/opeo.consulting\/wp-content\/uploads\/2020\/10\/cropped-Plan-de-travail-1.png","width":512,"height":512,"caption":"OPEO Conseil"},"image":{"@id":"https:\/\/opeo.consulting\/en\/#\/schema\/logo\/image\/"},"sameAs":["https:\/\/www.youtube.com\/@opeo.consulting"]}]}},"jetpack_sharing_enabled":true,"_links":{"self":[{"href":"https:\/\/opeo.consulting\/en\/wp-json\/wp\/v2\/pages\/2544","targetHints":{"allow":["GET"]}}],"collection":[{"href":"https:\/\/opeo.consulting\/en\/wp-json\/wp\/v2\/pages"}],"about":[{"href":"https:\/\/opeo.consulting\/en\/wp-json\/wp\/v2\/types\/page"}],"author":[{"embeddable":true,"href":"https:\/\/opeo.consulting\/en\/wp-json\/wp\/v2\/users\/1"}],"replies":[{"embeddable":true,"href":"https:\/\/opeo.consulting\/en\/wp-json\/wp\/v2\/comments?post=2544"}],"version-history":[{"count":0,"href":"https:\/\/opeo.consulting\/en\/wp-json\/wp\/v2\/pages\/2544\/revisions"}],"wp:attachment":[{"href":"https:\/\/opeo.consulting\/en\/wp-json\/wp\/v2\/media?parent=2544"}],"curies":[{"name":"wp","href":"https:\/\/api.w.org\/{rel}","templated":true}]}}